{"id":1105,"date":"2025-05-21T16:44:29","date_gmt":"2025-05-21T16:44:29","guid":{"rendered":"https:\/\/scescaldes.com\/?page_id=1105"},"modified":"2025-05-21T16:49:20","modified_gmt":"2025-05-21T16:49:20","slug":"aviso-legal","status":"publish","type":"page","link":"https:\/\/scescaldes.com\/es\/avis-legal\/","title":{"rendered":"Aviso legal"},"content":{"rendered":"<div data-elementor-type=\"wp-page\" data-elementor-id=\"1105\" class=\"elementor elementor-1105\" data-elementor-post-type=\"page\">\n\t\t\t\t<div class=\"elementor-element elementor-element-29ede56 e-flex e-con-boxed e-con e-parent\" data-id=\"29ede56\" data-element_type=\"container\" data-e-type=\"container\">\n\t\t\t\t\t<div class=\"e-con-inner\">\n\t\t\t\t\t<\/div>\n\t\t\t\t<\/div>\n\t\t<div class=\"elementor-element elementor-element-d7ba5fa e-flex e-con-boxed e-con e-parent\" data-id=\"d7ba5fa\" data-element_type=\"container\" data-e-type=\"container\">\n\t\t\t\t\t<div class=\"e-con-inner\">\n\t\t<div class=\"elementor-element elementor-element-dd32384 e-con-full e-flex e-con e-child\" data-id=\"dd32384\" data-element_type=\"container\" data-e-type=\"container\" data-settings=\"{&quot;background_background&quot;:&quot;classic&quot;}\">\n\t\t\t\t<div class=\"elementor-element elementor-element-ed2a30b elementor-widget elementor-widget-text-editor\" data-id=\"ed2a30b\" data-element_type=\"widget\" data-e-type=\"widget\" data-widget_type=\"text-editor.default\">\n\t\t\t\t<div class=\"elementor-widget-container\">\n\t\t\t\t\t\t\t\t\t<p class=\"\" data-start=\"206\" data-end=\"529\"><strong data-start=\"206\" data-end=\"231\">Titular del sitio web:<\/strong><br data-start=\"231\" data-end=\"234\" \/>Este sitio web, accesible desde la direcci\u00f3n <a class=\"\" href=\"https:\/\/scescaldes.com\/es\/\" target=\"_new\" rel=\"noopener\" data-start=\"278\" data-end=\"326\">www.scescaldes.com<\/a>, es titularidad de <strong data-start=\"346\" data-end=\"372\">Sporting Club Escaldes<\/strong>, con sede social en <strong data-start=\"391\" data-end=\"471\">Buenaventura Ryberaigua n-6 2-1, AD500 Andorra la Vella (Principado de Andorra)<\/strong>.<br data-start=\"472\" data-end=\"475\" \/>Correo electr\u00f3nico de contacto: <strong data-start=\"506\" data-end=\"529\"><a class=\"cursor-pointer\" rel=\"noopener\" data-start=\"508\" data-end=\"527\">info@scescaldes.com<\/a><\/strong><\/p><p class=\"\" data-start=\"531\" data-end=\"904\"><strong data-start=\"531\" data-end=\"572\">Propiedad intelectual e industrial:<\/strong><br data-start=\"572\" data-end=\"575\" \/>Todos los contenidos del sitio web (textos, im\u00e1genes, logotipos, v\u00eddeos, dise\u00f1os gr\u00e1ficos, etc.) son propiedad del Club o de terceros autorizados, y est\u00e1n protegidos por la normativa vigente en materia de propiedad intelectual e industrial. Queda prohibida su reproducci\u00f3n, distribuci\u00f3n o transformaci\u00f3n sin autorizaci\u00f3n expresa.<\/p><p class=\"\" data-start=\"906\" data-end=\"1156\"><strong data-start=\"906\" data-end=\"926\">Responsabilidad:<\/strong><br data-start=\"926\" data-end=\"929\" \/>Sporting Club Escaldes no se hace responsable de posibles errores u omisiones en los contenidos del sitio, ni de los da\u00f1os derivados del uso de la web o de cualquier actuaci\u00f3n realizada en base a la informaci\u00f3n que se facilita.<\/p>\t\t\t\t\t\t\t\t<\/div>\n\t\t\t\t<\/div>\n\t\t\t\t<\/div>\n\t\t\t\t\t<\/div>\n\t\t\t\t<\/div>\n\t\t\t\t<\/div>","protected":false},"excerpt":{"rendered":"<p>Titular del lloc web:Aquest lloc web, accessible des de l\u2019adre\u00e7a www.scescaldes.com, \u00e9s titularitat de Sporting Club Escaldes, amb seu social a Bonaventura Ryberaigua n-6 2-1, AD500 Andorra la Vella (Principat d\u2019Andorra).Correu electr\u00f2nic de contacte: info@scescaldes.com Propietat intel\u00b7lectual i industrial:Tots els continguts del lloc web (textos, imatges, logotips, v\u00eddeos, dissenys gr\u00e0fics, etc.) s\u00f3n propietat del Club [&hellip;]<\/p>\n","protected":false},"author":1,"featured_media":0,"parent":0,"menu_order":0,"comment_status":"closed","ping_status":"closed","template":"","meta":{"_acf_changed":false,"footnotes":""},"class_list":["post-1105","page","type-page","status-publish","hentry"],"acf":[],"yoast_head":"<!-- This site is optimized with the Yoast SEO plugin v27.0 - https:\/\/yoast.com\/product\/yoast-seo-wordpress\/ -->\n<title>Av\u00eds legal - Sporting Club Escaldes<\/title>\n<meta name=\"robots\" content=\"index, follow, max-snippet:-1, max-image-preview:large, max-video-preview:-1\" \/>\n<link rel=\"canonical\" href=\"https:\/\/scescaldes.com\/es\/aviso-legal\/\" \/>\n<meta property=\"og:locale\" content=\"es_ES\" \/>\n<meta property=\"og:type\" content=\"article\" \/>\n<meta property=\"og:title\" content=\"Av\u00eds legal - Sporting Club Escaldes\" \/>\n<meta property=\"og:description\" content=\"Titular del lloc web:Aquest lloc web, accessible des de l\u2019adre\u00e7a www.scescaldes.com, \u00e9s titularitat de Sporting Club Escaldes, amb seu social a Bonaventura Ryberaigua n-6 2-1, AD500 Andorra la Vella (Principat d\u2019Andorra).Correu electr\u00f2nic de contacte: info@scescaldes.com Propietat intel\u00b7lectual i industrial:Tots els continguts del lloc web (textos, imatges, logotips, v\u00eddeos, dissenys gr\u00e0fics, etc.) s\u00f3n propietat del Club [&hellip;]\" \/>\n<meta property=\"og:url\" content=\"https:\/\/scescaldes.com\/es\/aviso-legal\/\" \/>\n<meta property=\"og:site_name\" content=\"Sporting Club Escaldes\" \/>\n<meta property=\"article:modified_time\" content=\"2025-05-21T16:49:20+00:00\" \/>\n<meta name=\"twitter:card\" content=\"summary_large_image\" \/>\n<meta name=\"twitter:label1\" content=\"Tiempo de lectura\" \/>\n\t<meta name=\"twitter:data1\" content=\"1 minuto\" \/>\n<script type=\"application\/ld+json\" class=\"yoast-schema-graph\">{\"@context\":\"https:\/\/schema.org\",\"@graph\":[{\"@type\":\"WebPage\",\"@id\":\"https:\/\/scescaldes.com\/avis-legal\/\",\"url\":\"https:\/\/scescaldes.com\/avis-legal\/\",\"name\":\"Av\u00eds legal - Sporting Club Escaldes\",\"isPartOf\":{\"@id\":\"https:\/\/scescaldes.com\/#website\"},\"datePublished\":\"2025-05-21T16:44:29+00:00\",\"dateModified\":\"2025-05-21T16:49:20+00:00\",\"breadcrumb\":{\"@id\":\"https:\/\/scescaldes.com\/avis-legal\/#breadcrumb\"},\"inLanguage\":\"es\",\"potentialAction\":[{\"@type\":\"ReadAction\",\"target\":[\"https:\/\/scescaldes.com\/avis-legal\/\"]}]},{\"@type\":\"BreadcrumbList\",\"@id\":\"https:\/\/scescaldes.com\/avis-legal\/#breadcrumb\",\"itemListElement\":[{\"@type\":\"ListItem\",\"position\":1,\"name\":\"Portada\",\"item\":\"https:\/\/scescaldes.com\/\"},{\"@type\":\"ListItem\",\"position\":2,\"name\":\"Av\u00eds legal\"}]},{\"@type\":\"WebSite\",\"@id\":\"https:\/\/scescaldes.com\/#website\",\"url\":\"https:\/\/scescaldes.com\/\",\"name\":\"Sporting Club Escaldes\",\"description\":\"Web oficial \u00b7 Somiem Alt Junts\",\"publisher\":{\"@id\":\"https:\/\/scescaldes.com\/#organization\"},\"potentialAction\":[{\"@type\":\"SearchAction\",\"target\":{\"@type\":\"EntryPoint\",\"urlTemplate\":\"https:\/\/scescaldes.com\/?s={search_term_string}\"},\"query-input\":{\"@type\":\"PropertyValueSpecification\",\"valueRequired\":true,\"valueName\":\"search_term_string\"}}],\"inLanguage\":\"es\"},{\"@type\":\"Organization\",\"@id\":\"https:\/\/scescaldes.com\/#organization\",\"name\":\"Sporting Club Escaldes\",\"url\":\"https:\/\/scescaldes.com\/\",\"logo\":{\"@type\":\"ImageObject\",\"inLanguage\":\"es\",\"@id\":\"https:\/\/scescaldes.com\/#\/schema\/logo\/image\/\",\"url\":\"https:\/\/scescaldes.com\/wp-content\/uploads\/2025\/03\/sc-escaldes-fav.png\",\"contentUrl\":\"https:\/\/scescaldes.com\/wp-content\/uploads\/2025\/03\/sc-escaldes-fav.png\",\"width\":512,\"height\":512,\"caption\":\"Sporting Club Escaldes\"},\"image\":{\"@id\":\"https:\/\/scescaldes.com\/#\/schema\/logo\/image\/\"},\"sameAs\":[\"https:\/\/www.instagram.com\/sportingclubescaldes\/\"]}]}<\/script>\n<!-- \/ Yoast SEO plugin. -->","yoast_head_json":{"title":"Aviso legal - Sporting Club Escaldes","robots":{"index":"index","follow":"follow","max-snippet":"max-snippet:-1","max-image-preview":"max-image-preview:large","max-video-preview":"max-video-preview:-1"},"canonical":"https:\/\/scescaldes.com\/es\/aviso-legal\/","og_locale":"es_ES","og_type":"article","og_title":"Av\u00eds legal - Sporting Club Escaldes","og_description":"Titular del lloc web:Aquest lloc web, accessible des de l\u2019adre\u00e7a www.scescaldes.com, \u00e9s titularitat de Sporting Club Escaldes, amb seu social a Bonaventura Ryberaigua n-6 2-1, AD500 Andorra la Vella (Principat d\u2019Andorra).Correu electr\u00f2nic de contacte: info@scescaldes.com Propietat intel\u00b7lectual i industrial:Tots els continguts del lloc web (textos, imatges, logotips, v\u00eddeos, dissenys gr\u00e0fics, etc.) s\u00f3n propietat del Club [&hellip;]","og_url":"https:\/\/scescaldes.com\/es\/aviso-legal\/","og_site_name":"Sporting Club Escaldes","article_modified_time":"2025-05-21T16:49:20+00:00","twitter_card":"summary_large_image","twitter_misc":{"Tiempo de lectura":"1 minuto"},"schema":{"@context":"https:\/\/schema.org","@graph":[{"@type":"WebPage","@id":"https:\/\/scescaldes.com\/avis-legal\/","url":"https:\/\/scescaldes.com\/avis-legal\/","name":"Aviso legal - Sporting Club Escaldes","isPartOf":{"@id":"https:\/\/scescaldes.com\/#website"},"datePublished":"2025-05-21T16:44:29+00:00","dateModified":"2025-05-21T16:49:20+00:00","breadcrumb":{"@id":"https:\/\/scescaldes.com\/avis-legal\/#breadcrumb"},"inLanguage":"es","potentialAction":[{"@type":"ReadAction","target":["https:\/\/scescaldes.com\/avis-legal\/"]}]},{"@type":"BreadcrumbList","@id":"https:\/\/scescaldes.com\/avis-legal\/#breadcrumb","itemListElement":[{"@type":"ListItem","position":1,"name":"Portada","item":"https:\/\/scescaldes.com\/"},{"@type":"ListItem","position":2,"name":"Av\u00eds legal"}]},{"@type":"WebSite","@id":"https:\/\/scescaldes.com\/#website","url":"https:\/\/scescaldes.com\/","name":"Sporting Club Escaldes","description":"Web oficial \u00b7 So\u00f1amos Alto Juntos","publisher":{"@id":"https:\/\/scescaldes.com\/#organization"},"potentialAction":[{"@type":"SearchAction","target":{"@type":"EntryPoint","urlTemplate":"https:\/\/scescaldes.com\/?s={search_term_string}"},"query-input":{"@type":"PropertyValueSpecification","valueRequired":true,"valueName":"search_term_string"}}],"inLanguage":"es"},{"@type":"Organization","@id":"https:\/\/scescaldes.com\/#organization","name":"Sporting Club Escaldes","url":"https:\/\/scescaldes.com\/","logo":{"@type":"ImageObject","inLanguage":"es","@id":"https:\/\/scescaldes.com\/#\/schema\/logo\/image\/","url":"https:\/\/scescaldes.com\/wp-content\/uploads\/2025\/03\/sc-escaldes-fav.png","contentUrl":"https:\/\/scescaldes.com\/wp-content\/uploads\/2025\/03\/sc-escaldes-fav.png","width":512,"height":512,"caption":"Sporting Club Escaldes"},"image":{"@id":"https:\/\/scescaldes.com\/#\/schema\/logo\/image\/"},"sameAs":["https:\/\/www.instagram.com\/sportingclubescaldes\/"]}]}},"_links":{"self":[{"href":"https:\/\/scescaldes.com\/es\/wp-json\/wp\/v2\/pages\/1105","targetHints":{"allow":["GET"]}}],"collection":[{"href":"https:\/\/scescaldes.com\/es\/wp-json\/wp\/v2\/pages"}],"about":[{"href":"https:\/\/scescaldes.com\/es\/wp-json\/wp\/v2\/types\/page"}],"author":[{"embeddable":true,"href":"https:\/\/scescaldes.com\/es\/wp-json\/wp\/v2\/users\/1"}],"replies":[{"embeddable":true,"href":"https:\/\/scescaldes.com\/es\/wp-json\/wp\/v2\/comments?post=1105"}],"version-history":[{"count":4,"href":"https:\/\/scescaldes.com\/es\/wp-json\/wp\/v2\/pages\/1105\/revisions"}],"predecessor-version":[{"id":1109,"href":"https:\/\/scescaldes.com\/es\/wp-json\/wp\/v2\/pages\/1105\/revisions\/1109"}],"wp:attachment":[{"href":"https:\/\/scescaldes.com\/es\/wp-json\/wp\/v2\/media?parent=1105"}],"curies":[{"name":"wp","href":"https:\/\/api.w.org\/{rel}","templated":true}]}}