{"id":1115,"date":"2025-05-21T16:52:54","date_gmt":"2025-05-21T16:52:54","guid":{"rendered":"https:\/\/scescaldes.com\/?page_id=1115"},"modified":"2025-05-21T16:53:16","modified_gmt":"2025-05-21T16:53:16","slug":"politica-de-cookies","status":"publish","type":"page","link":"https:\/\/scescaldes.com\/es\/politica-de-cookies\/","title":{"rendered":"Pol\u00edtica de Cookies"},"content":{"rendered":"<div data-elementor-type=\"wp-page\" data-elementor-id=\"1115\" class=\"elementor elementor-1115\" data-elementor-post-type=\"page\">\n\t\t\t\t<div class=\"elementor-element elementor-element-29ede56 e-flex e-con-boxed e-con e-parent\" data-id=\"29ede56\" data-element_type=\"container\" data-e-type=\"container\">\n\t\t\t\t\t<div class=\"e-con-inner\">\n\t\t\t\t\t<\/div>\n\t\t\t\t<\/div>\n\t\t<div class=\"elementor-element elementor-element-d7ba5fa e-flex e-con-boxed e-con e-parent\" data-id=\"d7ba5fa\" data-element_type=\"container\" data-e-type=\"container\">\n\t\t\t\t\t<div class=\"e-con-inner\">\n\t\t<div class=\"elementor-element elementor-element-dd32384 e-con-full e-flex e-con e-child\" data-id=\"dd32384\" data-element_type=\"container\" data-e-type=\"container\" data-settings=\"{&quot;background_background&quot;:&quot;classic&quot;}\">\n\t\t\t\t<div class=\"elementor-element elementor-element-ed2a30b elementor-widget elementor-widget-text-editor\" data-id=\"ed2a30b\" data-element_type=\"widget\" data-e-type=\"widget\" data-widget_type=\"text-editor.default\">\n\t\t\t\t<div class=\"elementor-widget-container\">\n\t\t\t\t\t\t\t\t\t<p class=\"\" data-start=\"1195\" data-end=\"1322\">Este sitio web utiliza <strong data-start=\"1220\" data-end=\"1252\">cookies propias y de terceros<\/strong> con fines anal\u00edticos y para mejorar la experiencia de navegaci\u00f3n.<\/p><p class=\"\" data-start=\"1324\" data-end=\"1587\"><strong data-start=\"1324\" data-end=\"1348\">\u00bfQu\u00e9 son las cookies?<\/strong><br data-start=\"1348\" data-end=\"1351\" \/>Las cookies son peque\u00f1os archivos de datos que se guardan en el dispositivo del usuario cuando visita un sitio web. Sirven para recordar las preferencias de navegaci\u00f3n, analizar el uso del sitio y, en algunos casos, mostrar contenido personalizado.<\/p><p class=\"\" data-start=\"1589\" data-end=\"1613\"><strong data-start=\"1589\" data-end=\"1613\">Cookies utilizadas:<\/strong><\/p><ul data-start=\"1614\" data-end=\"1880\"><li class=\"\" data-start=\"1614\" data-end=\"1686\"><p class=\"\" data-start=\"1616\" data-end=\"1686\"><strong data-start=\"1616\" data-end=\"1638\">Cookies t\u00e9cnicas:<\/strong> Necesarias para el funcionamiento b\u00e1sico del sitio.<\/p><\/li><li class=\"\" data-start=\"1687\" data-end=\"1802\"><p class=\"\" data-start=\"1689\" data-end=\"1802\"><strong data-start=\"1689\" data-end=\"1732\">Cookies anal\u00edticas (Google Analytics):<\/strong> Nos permiten conocer el uso que hacen los usuarios de la web y mejorarla.<\/p><\/li><li class=\"\" data-start=\"1803\" data-end=\"1880\"><p class=\"\" data-start=\"1805\" data-end=\"1880\"><strong data-start=\"1805\" data-end=\"1828\">Cookies de terceros:<\/strong> Contenidos incrustados como v\u00eddeos (p. ej., YouTube).<\/p><\/li><\/ul><p class=\"\" data-start=\"1882\" data-end=\"2102\"><strong data-start=\"1882\" data-end=\"1904\">Gesti\u00f3n de cookies:<\/strong><br data-start=\"1904\" data-end=\"1907\" \/>Al acceder al sitio web, se solicita el consentimiento para el uso de cookies no esenciales. Puedes cambiar o revocar su consentimiento en cualquier momento mediante la configuraci\u00f3n del navegador.<\/p>\t\t\t\t\t\t\t\t<\/div>\n\t\t\t\t<\/div>\n\t\t\t\t<\/div>\n\t\t\t\t\t<\/div>\n\t\t\t\t<\/div>\n\t\t\t\t<\/div>","protected":false},"excerpt":{"rendered":"<p>Aquest lloc web utilitza cookies pr\u00f2pies i de tercers amb finalitats anal\u00edtiques i per millorar l\u2019experi\u00e8ncia de navegaci\u00f3. Qu\u00e8 s\u00f3n les cookies?Les cookies s\u00f3n petits fitxers de dades que es guarden al dispositiu de l\u2019usuari quan visita un lloc web. Serveixen per recordar les prefer\u00e8ncies de navegaci\u00f3, analitzar l\u2019\u00fas del lloc i, en alguns casos, [&hellip;]<\/p>\n","protected":false},"author":1,"featured_media":0,"parent":0,"menu_order":0,"comment_status":"closed","ping_status":"closed","template":"","meta":{"_acf_changed":false,"footnotes":""},"class_list":["post-1115","page","type-page","status-publish","hentry"],"acf":[],"yoast_head":"<!-- This site is optimized with the Yoast SEO plugin v27.0 - https:\/\/yoast.com\/product\/yoast-seo-wordpress\/ -->\n<title>Pol\u00edtica de Cookies - Sporting Club Escaldes<\/title>\n<meta name=\"robots\" content=\"index, follow, max-snippet:-1, max-image-preview:large, max-video-preview:-1\" \/>\n<link rel=\"canonical\" href=\"https:\/\/scescaldes.com\/es\/politica-de-cookies\/\" \/>\n<meta property=\"og:locale\" content=\"es_ES\" \/>\n<meta property=\"og:type\" content=\"article\" \/>\n<meta property=\"og:title\" content=\"Pol\u00edtica de Cookies - Sporting Club Escaldes\" \/>\n<meta property=\"og:description\" content=\"Aquest lloc web utilitza cookies pr\u00f2pies i de tercers amb finalitats anal\u00edtiques i per millorar l\u2019experi\u00e8ncia de navegaci\u00f3. Qu\u00e8 s\u00f3n les cookies?Les cookies s\u00f3n petits fitxers de dades que es guarden al dispositiu de l\u2019usuari quan visita un lloc web. Serveixen per recordar les prefer\u00e8ncies de navegaci\u00f3, analitzar l\u2019\u00fas del lloc i, en alguns casos, [&hellip;]\" \/>\n<meta property=\"og:url\" content=\"https:\/\/scescaldes.com\/es\/politica-de-cookies\/\" \/>\n<meta property=\"og:site_name\" content=\"Sporting Club Escaldes\" \/>\n<meta property=\"article:modified_time\" content=\"2025-05-21T16:53:16+00:00\" \/>\n<meta name=\"twitter:card\" content=\"summary_large_image\" \/>\n<meta name=\"twitter:label1\" content=\"Tiempo de lectura\" \/>\n\t<meta name=\"twitter:data1\" content=\"1 minuto\" \/>\n<script type=\"application\/ld+json\" class=\"yoast-schema-graph\">{\"@context\":\"https:\/\/schema.org\",\"@graph\":[{\"@type\":\"WebPage\",\"@id\":\"https:\/\/scescaldes.com\/politica-de-cookies\/\",\"url\":\"https:\/\/scescaldes.com\/politica-de-cookies\/\",\"name\":\"Pol\u00edtica de Cookies - Sporting Club Escaldes\",\"isPartOf\":{\"@id\":\"https:\/\/scescaldes.com\/#website\"},\"datePublished\":\"2025-05-21T16:52:54+00:00\",\"dateModified\":\"2025-05-21T16:53:16+00:00\",\"breadcrumb\":{\"@id\":\"https:\/\/scescaldes.com\/politica-de-cookies\/#breadcrumb\"},\"inLanguage\":\"es\",\"potentialAction\":[{\"@type\":\"ReadAction\",\"target\":[\"https:\/\/scescaldes.com\/politica-de-cookies\/\"]}]},{\"@type\":\"BreadcrumbList\",\"@id\":\"https:\/\/scescaldes.com\/politica-de-cookies\/#breadcrumb\",\"itemListElement\":[{\"@type\":\"ListItem\",\"position\":1,\"name\":\"Portada\",\"item\":\"https:\/\/scescaldes.com\/\"},{\"@type\":\"ListItem\",\"position\":2,\"name\":\"Pol\u00edtica de Cookies\"}]},{\"@type\":\"WebSite\",\"@id\":\"https:\/\/scescaldes.com\/#website\",\"url\":\"https:\/\/scescaldes.com\/\",\"name\":\"Sporting Club Escaldes\",\"description\":\"Web oficial \u00b7 Somiem Alt Junts\",\"publisher\":{\"@id\":\"https:\/\/scescaldes.com\/#organization\"},\"potentialAction\":[{\"@type\":\"SearchAction\",\"target\":{\"@type\":\"EntryPoint\",\"urlTemplate\":\"https:\/\/scescaldes.com\/?s={search_term_string}\"},\"query-input\":{\"@type\":\"PropertyValueSpecification\",\"valueRequired\":true,\"valueName\":\"search_term_string\"}}],\"inLanguage\":\"es\"},{\"@type\":\"Organization\",\"@id\":\"https:\/\/scescaldes.com\/#organization\",\"name\":\"Sporting Club Escaldes\",\"url\":\"https:\/\/scescaldes.com\/\",\"logo\":{\"@type\":\"ImageObject\",\"inLanguage\":\"es\",\"@id\":\"https:\/\/scescaldes.com\/#\/schema\/logo\/image\/\",\"url\":\"https:\/\/scescaldes.com\/wp-content\/uploads\/2025\/03\/sc-escaldes-fav.png\",\"contentUrl\":\"https:\/\/scescaldes.com\/wp-content\/uploads\/2025\/03\/sc-escaldes-fav.png\",\"width\":512,\"height\":512,\"caption\":\"Sporting Club Escaldes\"},\"image\":{\"@id\":\"https:\/\/scescaldes.com\/#\/schema\/logo\/image\/\"},\"sameAs\":[\"https:\/\/www.instagram.com\/sportingclubescaldes\/\"]}]}<\/script>\n<!-- \/ Yoast SEO plugin. -->","yoast_head_json":{"title":"Pol\u00edtica de Cookies - Sporting Club Escaldes","robots":{"index":"index","follow":"follow","max-snippet":"max-snippet:-1","max-image-preview":"max-image-preview:large","max-video-preview":"max-video-preview:-1"},"canonical":"https:\/\/scescaldes.com\/es\/politica-de-cookies\/","og_locale":"es_ES","og_type":"article","og_title":"Pol\u00edtica de Cookies - Sporting Club Escaldes","og_description":"Aquest lloc web utilitza cookies pr\u00f2pies i de tercers amb finalitats anal\u00edtiques i per millorar l\u2019experi\u00e8ncia de navegaci\u00f3. Qu\u00e8 s\u00f3n les cookies?Les cookies s\u00f3n petits fitxers de dades que es guarden al dispositiu de l\u2019usuari quan visita un lloc web. Serveixen per recordar les prefer\u00e8ncies de navegaci\u00f3, analitzar l\u2019\u00fas del lloc i, en alguns casos, [&hellip;]","og_url":"https:\/\/scescaldes.com\/es\/politica-de-cookies\/","og_site_name":"Sporting Club Escaldes","article_modified_time":"2025-05-21T16:53:16+00:00","twitter_card":"summary_large_image","twitter_misc":{"Tiempo de lectura":"1 minuto"},"schema":{"@context":"https:\/\/schema.org","@graph":[{"@type":"WebPage","@id":"https:\/\/scescaldes.com\/politica-de-cookies\/","url":"https:\/\/scescaldes.com\/politica-de-cookies\/","name":"Pol\u00edtica de Cookies - Sporting Club Escaldes","isPartOf":{"@id":"https:\/\/scescaldes.com\/#website"},"datePublished":"2025-05-21T16:52:54+00:00","dateModified":"2025-05-21T16:53:16+00:00","breadcrumb":{"@id":"https:\/\/scescaldes.com\/politica-de-cookies\/#breadcrumb"},"inLanguage":"es","potentialAction":[{"@type":"ReadAction","target":["https:\/\/scescaldes.com\/politica-de-cookies\/"]}]},{"@type":"BreadcrumbList","@id":"https:\/\/scescaldes.com\/politica-de-cookies\/#breadcrumb","itemListElement":[{"@type":"ListItem","position":1,"name":"Portada","item":"https:\/\/scescaldes.com\/"},{"@type":"ListItem","position":2,"name":"Pol\u00edtica de Cookies"}]},{"@type":"WebSite","@id":"https:\/\/scescaldes.com\/#website","url":"https:\/\/scescaldes.com\/","name":"Sporting Club Escaldes","description":"Web oficial \u00b7 So\u00f1amos Alto Juntos","publisher":{"@id":"https:\/\/scescaldes.com\/#organization"},"potentialAction":[{"@type":"SearchAction","target":{"@type":"EntryPoint","urlTemplate":"https:\/\/scescaldes.com\/?s={search_term_string}"},"query-input":{"@type":"PropertyValueSpecification","valueRequired":true,"valueName":"search_term_string"}}],"inLanguage":"es"},{"@type":"Organization","@id":"https:\/\/scescaldes.com\/#organization","name":"Sporting Club Escaldes","url":"https:\/\/scescaldes.com\/","logo":{"@type":"ImageObject","inLanguage":"es","@id":"https:\/\/scescaldes.com\/#\/schema\/logo\/image\/","url":"https:\/\/scescaldes.com\/wp-content\/uploads\/2025\/03\/sc-escaldes-fav.png","contentUrl":"https:\/\/scescaldes.com\/wp-content\/uploads\/2025\/03\/sc-escaldes-fav.png","width":512,"height":512,"caption":"Sporting Club Escaldes"},"image":{"@id":"https:\/\/scescaldes.com\/#\/schema\/logo\/image\/"},"sameAs":["https:\/\/www.instagram.com\/sportingclubescaldes\/"]}]}},"_links":{"self":[{"href":"https:\/\/scescaldes.com\/es\/wp-json\/wp\/v2\/pages\/1115","targetHints":{"allow":["GET"]}}],"collection":[{"href":"https:\/\/scescaldes.com\/es\/wp-json\/wp\/v2\/pages"}],"about":[{"href":"https:\/\/scescaldes.com\/es\/wp-json\/wp\/v2\/types\/page"}],"author":[{"embeddable":true,"href":"https:\/\/scescaldes.com\/es\/wp-json\/wp\/v2\/users\/1"}],"replies":[{"embeddable":true,"href":"https:\/\/scescaldes.com\/es\/wp-json\/wp\/v2\/comments?post=1115"}],"version-history":[{"count":4,"href":"https:\/\/scescaldes.com\/es\/wp-json\/wp\/v2\/pages\/1115\/revisions"}],"predecessor-version":[{"id":1119,"href":"https:\/\/scescaldes.com\/es\/wp-json\/wp\/v2\/pages\/1115\/revisions\/1119"}],"wp:attachment":[{"href":"https:\/\/scescaldes.com\/es\/wp-json\/wp\/v2\/media?parent=1115"}],"curies":[{"name":"wp","href":"https:\/\/api.w.org\/{rel}","templated":true}]}}