{"id":1875,"date":"2025-08-16T15:36:52","date_gmt":"2025-08-16T13:36:52","guid":{"rendered":"https:\/\/scescaldes.com\/?page_id=1875"},"modified":"2025-08-16T15:44:36","modified_gmt":"2025-08-16T13:44:36","slug":"compras-y-envio","status":"publish","type":"page","link":"https:\/\/scescaldes.com\/es\/compres-i-enviament\/","title":{"rendered":"Compras y env\u00edo"},"content":{"rendered":"<div data-elementor-type=\"wp-page\" data-elementor-id=\"1875\" class=\"elementor elementor-1875\" data-elementor-post-type=\"page\">\n\t\t\t\t<div class=\"elementor-element elementor-element-29ede56 e-flex e-con-boxed e-con e-parent\" data-id=\"29ede56\" data-element_type=\"container\" data-e-type=\"container\">\n\t\t\t\t\t<div class=\"e-con-inner\">\n\t\t\t\t\t<\/div>\n\t\t\t\t<\/div>\n\t\t<div class=\"elementor-element elementor-element-d7ba5fa e-flex e-con-boxed e-con e-parent\" data-id=\"d7ba5fa\" data-element_type=\"container\" data-e-type=\"container\">\n\t\t\t\t\t<div class=\"e-con-inner\">\n\t\t<div class=\"elementor-element elementor-element-dd32384 e-con-full e-flex e-con e-child\" data-id=\"dd32384\" data-element_type=\"container\" data-e-type=\"container\" data-settings=\"{&quot;background_background&quot;:&quot;classic&quot;}\">\n\t\t\t\t<div class=\"elementor-element elementor-element-ed2a30b elementor-widget elementor-widget-text-editor\" data-id=\"ed2a30b\" data-element_type=\"widget\" data-e-type=\"widget\" data-widget_type=\"text-editor.default\">\n\t\t\t\t<div class=\"elementor-widget-container\">\n\t\t\t\t\t\t\t\t\t<p><strong>Condiciones generales<\/strong><\/p><p>Al realizar una compra en la web del Sporting Club Escaldes, el cliente acepta \u00edntegramente estas condiciones de compra, env\u00edo y devoluci\u00f3n.<\/p><p>El club no se hace responsable de p\u00e9rdidas o da\u00f1os causados durante el transporte, aunque ayudar\u00e1 en la gesti\u00f3n de posibles reclamaciones frente a la empresa de mensajer\u00eda.<\/p><p>Las condiciones pueden ser modificadas sin previo aviso, pero siempre respetando los pedidos ya efectuados bajo la pol\u00edtica vigente en el momento de la compra.<\/p><p>Cualquier incidencia deber\u00e1 comunicarse por correo electr\u00f3nico a: info@scescaldes.com.<\/p><p><strong>Producci\u00f3n bajo demanda<\/strong><\/p><p>Los productos del Sporting Club Escaldes se fabrican bajo demanda. Esto significa que el tiempo de producci\u00f3n y entrega puede variar y, en algunos casos, superar los 30 d\u00edas desde la confirmaci\u00f3n del pedido.<\/p><p><strong>Productos sin devoluci\u00f3n<\/strong><\/p><p>Determinados art\u00edculos tienen un car\u00e1cter especial y personalizado para el comprador y, por tanto, no admiten devoluciones.<br \/>\u00c9ste es el caso de:<\/p><p>Bufanda Edici\u00f3n Limitada Vinsky<\/p><p><strong>Pol\u00edtica de devoluciones<\/strong><\/p><p>El plazo para solicitar una devoluci\u00f3n ser\u00e1 de 15 d\u00edas naturales a partir de la fecha de entrega.<\/p><p>El coste del env\u00edo de la devoluci\u00f3n corre a cargo del cliente.<\/p><p>El producto debe estar en perfecto estado, sin uso y con el embalaje original.<\/p><p>Sporting Club Escaldes se reserva el derecho de rechazar cualquier devoluci\u00f3n que no cumpla estas condiciones.<\/p><p><strong>Datos de pago y privacidad<\/strong><\/p><p>No guardamos ning\u00fan dato de pago (como tarjetas de cr\u00e9dito o d\u00e9bito).<\/p><p>Los cobros se procesan de forma segura a trav\u00e9s de plataformas de terceros.<\/p><p>S\u00f3lo almacenamos la direcci\u00f3n de env\u00edo, que no se utiliza con otra finalidad que la gesti\u00f3n del pedido.<\/p><p><strong>\u00c1mbito de env\u00edo<\/strong><\/p><p>Las compras se realizan desde Andorra y los env\u00edos s\u00f3lo se realizan a Francia y Espa\u00f1a.<br \/>Los plazos pueden variar en funci\u00f3n de la empresa de transporte y de posibles retrasos aduaneros, sobre los que el club no puede asumir responsabilidad.<\/p>\t\t\t\t\t\t\t\t<\/div>\n\t\t\t\t<\/div>\n\t\t\t\t<\/div>\n\t\t\t\t\t<\/div>\n\t\t\t\t<\/div>\n\t\t\t\t<\/div>","protected":false},"excerpt":{"rendered":"<p>Condicions generals En realitzar una compra al web del Sporting Club Escaldes, el client accepta \u00edntegrament aquestes condicions de compra, enviament i devoluci\u00f3. El club no es fa responsable de p\u00e8rdues o danys causats durant el transport, encara que ajudar\u00e0 en la gesti\u00f3 de possibles reclamacions davant l\u2019empresa de missatgeria. Les condicions poden ser modificades [&hellip;]<\/p>\n","protected":false},"author":1,"featured_media":0,"parent":0,"menu_order":0,"comment_status":"closed","ping_status":"closed","template":"","meta":{"_acf_changed":false,"footnotes":""},"class_list":["post-1875","page","type-page","status-publish","hentry"],"acf":[],"yoast_head":"<!-- This site is optimized with the Yoast SEO plugin v27.0 - https:\/\/yoast.com\/product\/yoast-seo-wordpress\/ -->\n<title>Compres i enviament - Sporting Club Escaldes<\/title>\n<meta name=\"robots\" content=\"index, follow, max-snippet:-1, max-image-preview:large, max-video-preview:-1\" \/>\n<link rel=\"canonical\" href=\"https:\/\/scescaldes.com\/es\/compras-y-envio\/\" \/>\n<meta property=\"og:locale\" content=\"es_ES\" \/>\n<meta property=\"og:type\" content=\"article\" \/>\n<meta property=\"og:title\" content=\"Compres i enviament - Sporting Club Escaldes\" \/>\n<meta property=\"og:description\" content=\"Condicions generals En realitzar una compra al web del Sporting Club Escaldes, el client accepta \u00edntegrament aquestes condicions de compra, enviament i devoluci\u00f3. El club no es fa responsable de p\u00e8rdues o danys causats durant el transport, encara que ajudar\u00e0 en la gesti\u00f3 de possibles reclamacions davant l\u2019empresa de missatgeria. Les condicions poden ser modificades [&hellip;]\" \/>\n<meta property=\"og:url\" content=\"https:\/\/scescaldes.com\/es\/compras-y-envio\/\" \/>\n<meta property=\"og:site_name\" content=\"Sporting Club Escaldes\" \/>\n<meta property=\"article:modified_time\" content=\"2025-08-16T13:44:36+00:00\" \/>\n<meta name=\"twitter:card\" content=\"summary_large_image\" \/>\n<meta name=\"twitter:label1\" content=\"Tiempo de lectura\" \/>\n\t<meta name=\"twitter:data1\" content=\"2 minutos\" \/>\n<script type=\"application\/ld+json\" class=\"yoast-schema-graph\">{\"@context\":\"https:\/\/schema.org\",\"@graph\":[{\"@type\":\"WebPage\",\"@id\":\"https:\/\/scescaldes.com\/compres-i-enviament\/\",\"url\":\"https:\/\/scescaldes.com\/compres-i-enviament\/\",\"name\":\"Compres i enviament - Sporting Club Escaldes\",\"isPartOf\":{\"@id\":\"https:\/\/scescaldes.com\/#website\"},\"datePublished\":\"2025-08-16T13:36:52+00:00\",\"dateModified\":\"2025-08-16T13:44:36+00:00\",\"breadcrumb\":{\"@id\":\"https:\/\/scescaldes.com\/compres-i-enviament\/#breadcrumb\"},\"inLanguage\":\"es\",\"potentialAction\":[{\"@type\":\"ReadAction\",\"target\":[\"https:\/\/scescaldes.com\/compres-i-enviament\/\"]}]},{\"@type\":\"BreadcrumbList\",\"@id\":\"https:\/\/scescaldes.com\/compres-i-enviament\/#breadcrumb\",\"itemListElement\":[{\"@type\":\"ListItem\",\"position\":1,\"name\":\"Portada\",\"item\":\"https:\/\/scescaldes.com\/\"},{\"@type\":\"ListItem\",\"position\":2,\"name\":\"Compres i enviament\"}]},{\"@type\":\"WebSite\",\"@id\":\"https:\/\/scescaldes.com\/#website\",\"url\":\"https:\/\/scescaldes.com\/\",\"name\":\"Sporting Club Escaldes\",\"description\":\"Web oficial \u00b7 Somiem Alt Junts\",\"publisher\":{\"@id\":\"https:\/\/scescaldes.com\/#organization\"},\"potentialAction\":[{\"@type\":\"SearchAction\",\"target\":{\"@type\":\"EntryPoint\",\"urlTemplate\":\"https:\/\/scescaldes.com\/?s={search_term_string}\"},\"query-input\":{\"@type\":\"PropertyValueSpecification\",\"valueRequired\":true,\"valueName\":\"search_term_string\"}}],\"inLanguage\":\"es\"},{\"@type\":\"Organization\",\"@id\":\"https:\/\/scescaldes.com\/#organization\",\"name\":\"Sporting Club Escaldes\",\"url\":\"https:\/\/scescaldes.com\/\",\"logo\":{\"@type\":\"ImageObject\",\"inLanguage\":\"es\",\"@id\":\"https:\/\/scescaldes.com\/#\/schema\/logo\/image\/\",\"url\":\"https:\/\/scescaldes.com\/wp-content\/uploads\/2025\/03\/sc-escaldes-fav.png\",\"contentUrl\":\"https:\/\/scescaldes.com\/wp-content\/uploads\/2025\/03\/sc-escaldes-fav.png\",\"width\":512,\"height\":512,\"caption\":\"Sporting Club Escaldes\"},\"image\":{\"@id\":\"https:\/\/scescaldes.com\/#\/schema\/logo\/image\/\"},\"sameAs\":[\"https:\/\/www.instagram.com\/sportingclubescaldes\/\"]}]}<\/script>\n<!-- \/ Yoast SEO plugin. -->","yoast_head_json":{"title":"Compras y env\u00edo - Sporting Club Escaldes","robots":{"index":"index","follow":"follow","max-snippet":"max-snippet:-1","max-image-preview":"max-image-preview:large","max-video-preview":"max-video-preview:-1"},"canonical":"https:\/\/scescaldes.com\/es\/compras-y-envio\/","og_locale":"es_ES","og_type":"article","og_title":"Compres i enviament - Sporting Club Escaldes","og_description":"Condicions generals En realitzar una compra al web del Sporting Club Escaldes, el client accepta \u00edntegrament aquestes condicions de compra, enviament i devoluci\u00f3. El club no es fa responsable de p\u00e8rdues o danys causats durant el transport, encara que ajudar\u00e0 en la gesti\u00f3 de possibles reclamacions davant l\u2019empresa de missatgeria. Les condicions poden ser modificades [&hellip;]","og_url":"https:\/\/scescaldes.com\/es\/compras-y-envio\/","og_site_name":"Sporting Club Escaldes","article_modified_time":"2025-08-16T13:44:36+00:00","twitter_card":"summary_large_image","twitter_misc":{"Tiempo de lectura":"2 minutos"},"schema":{"@context":"https:\/\/schema.org","@graph":[{"@type":"WebPage","@id":"https:\/\/scescaldes.com\/compres-i-enviament\/","url":"https:\/\/scescaldes.com\/compres-i-enviament\/","name":"Compras y env\u00edo - Sporting Club Escaldes","isPartOf":{"@id":"https:\/\/scescaldes.com\/#website"},"datePublished":"2025-08-16T13:36:52+00:00","dateModified":"2025-08-16T13:44:36+00:00","breadcrumb":{"@id":"https:\/\/scescaldes.com\/compres-i-enviament\/#breadcrumb"},"inLanguage":"es","potentialAction":[{"@type":"ReadAction","target":["https:\/\/scescaldes.com\/compres-i-enviament\/"]}]},{"@type":"BreadcrumbList","@id":"https:\/\/scescaldes.com\/compres-i-enviament\/#breadcrumb","itemListElement":[{"@type":"ListItem","position":1,"name":"Portada","item":"https:\/\/scescaldes.com\/"},{"@type":"ListItem","position":2,"name":"Compres i enviament"}]},{"@type":"WebSite","@id":"https:\/\/scescaldes.com\/#website","url":"https:\/\/scescaldes.com\/","name":"Sporting Club Escaldes","description":"Web oficial \u00b7 So\u00f1amos Alto Juntos","publisher":{"@id":"https:\/\/scescaldes.com\/#organization"},"potentialAction":[{"@type":"SearchAction","target":{"@type":"EntryPoint","urlTemplate":"https:\/\/scescaldes.com\/?s={search_term_string}"},"query-input":{"@type":"PropertyValueSpecification","valueRequired":true,"valueName":"search_term_string"}}],"inLanguage":"es"},{"@type":"Organization","@id":"https:\/\/scescaldes.com\/#organization","name":"Sporting Club Escaldes","url":"https:\/\/scescaldes.com\/","logo":{"@type":"ImageObject","inLanguage":"es","@id":"https:\/\/scescaldes.com\/#\/schema\/logo\/image\/","url":"https:\/\/scescaldes.com\/wp-content\/uploads\/2025\/03\/sc-escaldes-fav.png","contentUrl":"https:\/\/scescaldes.com\/wp-content\/uploads\/2025\/03\/sc-escaldes-fav.png","width":512,"height":512,"caption":"Sporting Club Escaldes"},"image":{"@id":"https:\/\/scescaldes.com\/#\/schema\/logo\/image\/"},"sameAs":["https:\/\/www.instagram.com\/sportingclubescaldes\/"]}]}},"_links":{"self":[{"href":"https:\/\/scescaldes.com\/es\/wp-json\/wp\/v2\/pages\/1875","targetHints":{"allow":["GET"]}}],"collection":[{"href":"https:\/\/scescaldes.com\/es\/wp-json\/wp\/v2\/pages"}],"about":[{"href":"https:\/\/scescaldes.com\/es\/wp-json\/wp\/v2\/types\/page"}],"author":[{"embeddable":true,"href":"https:\/\/scescaldes.com\/es\/wp-json\/wp\/v2\/users\/1"}],"replies":[{"embeddable":true,"href":"https:\/\/scescaldes.com\/es\/wp-json\/wp\/v2\/comments?post=1875"}],"version-history":[{"count":7,"href":"https:\/\/scescaldes.com\/es\/wp-json\/wp\/v2\/pages\/1875\/revisions"}],"predecessor-version":[{"id":1882,"href":"https:\/\/scescaldes.com\/es\/wp-json\/wp\/v2\/pages\/1875\/revisions\/1882"}],"wp:attachment":[{"href":"https:\/\/scescaldes.com\/es\/wp-json\/wp\/v2\/media?parent=1875"}],"curies":[{"name":"wp","href":"https:\/\/api.w.org\/{rel}","templated":true}]}}