{"id":594,"date":"2025-05-03T21:25:56","date_gmt":"2025-05-03T21:25:56","guid":{"rendered":"https:\/\/scescaldes.com\/?page_id=594"},"modified":"2025-05-17T12:08:07","modified_gmt":"2025-05-17T12:08:07","slug":"historia","status":"publish","type":"page","link":"https:\/\/scescaldes.com\/es\/historia\/","title":{"rendered":"Historia"},"content":{"rendered":"<div data-elementor-type=\"wp-page\" data-elementor-id=\"594\" class=\"elementor elementor-594\" data-elementor-post-type=\"page\">\n\t\t\t\t<div class=\"elementor-element elementor-element-ba08d4c e-flex e-con-boxed e-con e-parent\" data-id=\"ba08d4c\" data-element_type=\"container\" data-e-type=\"container\" data-settings=\"{&quot;background_background&quot;:&quot;classic&quot;}\">\n\t\t\t\t\t<div class=\"e-con-inner\">\n\t\t\t\t<div class=\"elementor-element elementor-element-749e4d9 elementor-widget elementor-widget-heading\" data-id=\"749e4d9\" data-element_type=\"widget\" data-e-type=\"widget\" data-widget_type=\"heading.default\">\n\t\t\t\t<div class=\"elementor-widget-container\">\n\t\t\t\t\t<h2 class=\"elementor-heading-title elementor-size-default\">desde 1977<\/h2>\t\t\t\t<\/div>\n\t\t\t\t<\/div>\n\t\t\t\t<div class=\"elementor-element elementor-element-8d3c423 elementor-widget elementor-widget-heading\" data-id=\"8d3c423\" data-element_type=\"widget\" data-e-type=\"widget\" data-widget_type=\"heading.default\">\n\t\t\t\t<div class=\"elementor-widget-container\">\n\t\t\t\t\t<h2 class=\"elementor-heading-title elementor-size-default\">Somos hist\u00f3ricos\n<\/h2>\t\t\t\t<\/div>\n\t\t\t\t<\/div>\n\t\t\t\t\t<\/div>\n\t\t\t\t<\/div>\n\t\t<div data-dce-background-overlay-image-url=\"https:\/\/scescaldes.com\/wp-content\/uploads\/2025\/05\/sce-inicios.jpg\" class=\"elementor-element elementor-element-27c2f67 e-flex e-con-boxed e-con e-parent\" data-id=\"27c2f67\" data-element_type=\"container\" data-e-type=\"container\" data-settings=\"{&quot;background_background&quot;:&quot;classic&quot;}\">\n\t\t\t\t\t<div class=\"e-con-inner\">\n\t\t\t\t<div class=\"elementor-element elementor-element-e7e1393 elementor-widget elementor-widget-heading\" data-id=\"e7e1393\" data-element_type=\"widget\" data-e-type=\"widget\" data-widget_type=\"heading.default\">\n\t\t\t\t<div class=\"elementor-widget-container\">\n\t\t\t\t\t<h2 class=\"elementor-heading-title elementor-size-default\">1977-2008<\/h2>\t\t\t\t<\/div>\n\t\t\t\t<\/div>\n\t\t<div class=\"elementor-element elementor-element-28614dc e-con-full e-flex e-con e-child\" data-id=\"28614dc\" data-element_type=\"container\" data-e-type=\"container\" data-settings=\"{&quot;background_background&quot;:&quot;classic&quot;}\">\n\t\t<div class=\"elementor-element elementor-element-bd1aaef e-con-full e-flex e-con e-child\" data-id=\"bd1aaef\" data-element_type=\"container\" data-e-type=\"container\" data-settings=\"{&quot;background_background&quot;:&quot;classic&quot;}\">\n\t\t\t\t<div class=\"elementor-element elementor-element-1c61100 dce_masking-none elementor-widget elementor-widget-image\" data-id=\"1c61100\" data-element_type=\"widget\" data-e-type=\"widget\" data-widget_type=\"image.default\">\n\t\t\t\t<div class=\"elementor-widget-container\">\n\t\t\t\t\t\t\t\t\t\t\t\t\t\t\t<img fetchpriority=\"high\" decoding=\"async\" width=\"800\" height=\"454\" src=\"https:\/\/scescaldes.com\/wp-content\/uploads\/2025\/05\/sce-inicios.jpg\" class=\"attachment-large size-large wp-image-606\" alt=\"\" srcset=\"https:\/\/scescaldes.com\/wp-content\/uploads\/2025\/05\/sce-inicios.jpg 1000w, https:\/\/scescaldes.com\/wp-content\/uploads\/2025\/05\/sce-inicios-300x170.jpg 300w, https:\/\/scescaldes.com\/wp-content\/uploads\/2025\/05\/sce-inicios-768x435.jpg 768w\" sizes=\"(max-width: 800px) 100vw, 800px\" \/>\t\t\t\t\t\t\t\t\t\t\t\t\t\t\t<\/div>\n\t\t\t\t<\/div>\n\t\t\t\t<div class=\"elementor-element elementor-element-dc1066a elementor-widget elementor-widget-heading\" data-id=\"dc1066a\" data-element_type=\"widget\" data-e-type=\"widget\" data-widget_type=\"heading.default\">\n\t\t\t\t<div class=\"elementor-widget-container\">\n\t\t\t\t\t<h2 class=\"elementor-heading-title elementor-size-default\">Fundaci\u00f3n y primeros pasos<\/h2>\t\t\t\t<\/div>\n\t\t\t\t<\/div>\n\t\t\t\t<\/div>\n\t\t<div class=\"elementor-element elementor-element-448a1c7 e-con-full e-flex e-con e-child\" data-id=\"448a1c7\" data-element_type=\"container\" data-e-type=\"container\">\n\t\t\t\t<div class=\"elementor-element elementor-element-3f1b489 elementor-widget elementor-widget-text-editor\" data-id=\"3f1b489\" data-element_type=\"widget\" data-e-type=\"widget\" data-widget_type=\"text-editor.default\">\n\t\t\t\t<div class=\"elementor-widget-container\">\n\t\t\t\t\t\t\t\t\t<p>El club <strong>se fund\u00f3 en 1977 con el nombre de <em data-start=\"798\" data-end=\"825\">Sporting Club de Engordany<\/em><\/strong> y form\u00f3 parte de los equipos pioneros del f\u00fatbol federado en Andorra. Con el inicio de la liga nacional andorrana, el Sporting logr\u00f3 <strong>el ascenso a la Primera Divisi\u00f3n en 1995<\/strong>, manteni\u00e9ndose ocho temporadas consecutivas en la m\u00e1xima categor\u00eda. <strong>En 1998, el club adopt\u00f3 el nombre de <em data-start=\"1109\" data-end=\"1135\">Sporting Club de Escaldes<\/em><\/strong>. Despu\u00e9s de un descenso en 2002 y varias temporadas en la categor\u00eda de plata, la actividad se detuvo en 2008.<\/p>\t\t\t\t\t\t\t\t<\/div>\n\t\t\t\t<\/div>\n\t\t\t\t<\/div>\n\t\t<div class=\"elementor-element elementor-element-4eeb16f e-con-full e-flex e-con e-child\" data-id=\"4eeb16f\" data-element_type=\"container\" data-e-type=\"container\">\n\t\t\t\t<\/div>\n\t\t\t\t<\/div>\n\t\t\t\t\t<\/div>\n\t\t\t\t<\/div>\n\t\t<div data-dce-background-overlay-image-url=\"https:\/\/scescaldes.com\/wp-content\/uploads\/2025\/05\/sce-inicios-2.jpg\" class=\"elementor-element elementor-element-f83162b e-flex e-con-boxed e-con e-parent\" data-id=\"f83162b\" data-element_type=\"container\" data-e-type=\"container\" data-settings=\"{&quot;background_background&quot;:&quot;classic&quot;}\">\n\t\t\t\t\t<div class=\"e-con-inner\">\n\t\t\t\t<div class=\"elementor-element elementor-element-9234454 elementor-widget elementor-widget-heading\" data-id=\"9234454\" data-element_type=\"widget\" data-e-type=\"widget\" data-widget_type=\"heading.default\">\n\t\t\t\t<div class=\"elementor-widget-container\">\n\t\t\t\t\t<h2 class=\"elementor-heading-title elementor-size-default\">2018 - 2019<\/h2>\t\t\t\t<\/div>\n\t\t\t\t<\/div>\n\t\t<div class=\"elementor-element elementor-element-0438fed e-con-full e-flex e-con e-child\" data-id=\"0438fed\" data-element_type=\"container\" data-e-type=\"container\" data-settings=\"{&quot;background_background&quot;:&quot;classic&quot;}\">\n\t\t<div class=\"elementor-element elementor-element-93419a0 e-con-full e-flex e-con e-child\" data-id=\"93419a0\" data-element_type=\"container\" data-e-type=\"container\" data-settings=\"{&quot;background_background&quot;:&quot;classic&quot;}\">\n\t\t\t\t<div class=\"elementor-element elementor-element-0a5e493 dce_masking-none elementor-widget elementor-widget-image\" data-id=\"0a5e493\" data-element_type=\"widget\" data-e-type=\"widget\" data-widget_type=\"image.default\">\n\t\t\t\t<div class=\"elementor-widget-container\">\n\t\t\t\t\t\t\t\t\t\t\t\t\t\t\t<img decoding=\"async\" width=\"800\" height=\"454\" data-src=\"https:\/\/scescaldes.com\/wp-content\/uploads\/2025\/05\/sce-inicios-2.jpg\" class=\"attachment-large size-large wp-image-619 lazyload\" alt=\"\" data-srcset=\"https:\/\/scescaldes.com\/wp-content\/uploads\/2025\/05\/sce-inicios-2.jpg 1000w, https:\/\/scescaldes.com\/wp-content\/uploads\/2025\/05\/sce-inicios-2-300x170.jpg 300w, https:\/\/scescaldes.com\/wp-content\/uploads\/2025\/05\/sce-inicios-2-768x435.jpg 768w\" data-sizes=\"(max-width: 800px) 100vw, 800px\" src=\"data:image\/svg+xml;base64,PHN2ZyB3aWR0aD0iMSIgaGVpZ2h0PSIxIiB4bWxucz0iaHR0cDovL3d3dy53My5vcmcvMjAwMC9zdmciPjwvc3ZnPg==\" style=\"--smush-placeholder-width: 800px; --smush-placeholder-aspect-ratio: 800\/454;\" \/>\t\t\t\t\t\t\t\t\t\t\t\t\t\t\t<\/div>\n\t\t\t\t<\/div>\n\t\t\t\t<div class=\"elementor-element elementor-element-1300751 elementor-widget elementor-widget-heading\" data-id=\"1300751\" data-element_type=\"widget\" data-e-type=\"widget\" data-widget_type=\"heading.default\">\n\t\t\t\t<div class=\"elementor-widget-container\">\n\t\t\t\t\t<h2 class=\"elementor-heading-title elementor-size-default\">Reaparici\u00f3n temporal<\/h2>\t\t\t\t<\/div>\n\t\t\t\t<\/div>\n\t\t\t\t<\/div>\n\t\t<div class=\"elementor-element elementor-element-231d61c e-con-full e-flex e-con e-child\" data-id=\"231d61c\" data-element_type=\"container\" data-e-type=\"container\">\n\t\t\t\t<div class=\"elementor-element elementor-element-ab263eb elementor-widget elementor-widget-text-editor\" data-id=\"ab263eb\" data-element_type=\"widget\" data-e-type=\"widget\" data-widget_type=\"text-editor.default\">\n\t\t\t\t<div class=\"elementor-widget-container\">\n\t\t\t\t\t\t\t\t\t<p>El club vivi\u00f3 una <strong>breve reaparici\u00f3n durante la temporada 2018-2019<\/strong>, volviendo a competir en la <strong data-start=\"800\" data-end=\"818\">Segunda Divisi\u00f3n<\/strong>. Pese al esfuerzo, los resultados no acompa\u00f1aron y el equipo acab\u00f3 \u00faltimo clasificado, con s\u00f3lo tres puntos, lo que llev\u00f3 a un nuevo paro del proyecto deportivo.<\/p>\t\t\t\t\t\t\t\t<\/div>\n\t\t\t\t<\/div>\n\t\t\t\t<\/div>\n\t\t<div class=\"elementor-element elementor-element-ebe15ec e-con-full e-flex e-con e-child\" data-id=\"ebe15ec\" data-element_type=\"container\" data-e-type=\"container\">\n\t\t\t\t<\/div>\n\t\t\t\t<\/div>\n\t\t\t\t\t<\/div>\n\t\t\t\t<\/div>\n\t\t<div data-dce-background-overlay-image-url=\"https:\/\/scescaldes.com\/wp-content\/uploads\/2025\/05\/sce-historia-2025.jpg\" class=\"elementor-element elementor-element-2a4034d e-flex e-con-boxed e-con e-parent\" data-id=\"2a4034d\" data-element_type=\"container\" data-e-type=\"container\" data-settings=\"{&quot;background_background&quot;:&quot;classic&quot;}\">\n\t\t\t\t\t<div class=\"e-con-inner\">\n\t\t\t\t<div class=\"elementor-element elementor-element-4aa3f4d elementor-widget elementor-widget-heading\" data-id=\"4aa3f4d\" data-element_type=\"widget\" data-e-type=\"widget\" data-widget_type=\"heading.default\">\n\t\t\t\t<div class=\"elementor-widget-container\">\n\t\t\t\t\t<h2 class=\"elementor-heading-title elementor-size-default\">2025<\/h2>\t\t\t\t<\/div>\n\t\t\t\t<\/div>\n\t\t<div class=\"elementor-element elementor-element-c5f6294 e-con-full e-flex e-con e-child\" data-id=\"c5f6294\" data-element_type=\"container\" data-e-type=\"container\" data-settings=\"{&quot;background_background&quot;:&quot;classic&quot;}\">\n\t\t<div class=\"elementor-element elementor-element-54fb93b e-con-full e-flex e-con e-child\" data-id=\"54fb93b\" data-element_type=\"container\" data-e-type=\"container\" data-settings=\"{&quot;background_background&quot;:&quot;classic&quot;}\">\n\t\t\t\t<div class=\"elementor-element elementor-element-047acb2 dce_masking-none elementor-widget elementor-widget-image\" data-id=\"047acb2\" data-element_type=\"widget\" data-e-type=\"widget\" data-widget_type=\"image.default\">\n\t\t\t\t<div class=\"elementor-widget-container\">\n\t\t\t\t\t\t\t\t\t\t\t\t\t\t\t<img decoding=\"async\" width=\"800\" height=\"454\" data-src=\"https:\/\/scescaldes.com\/wp-content\/uploads\/2025\/05\/sce-historia-2025.jpg\" class=\"attachment-large size-large wp-image-626 lazyload\" alt=\"\" data-srcset=\"https:\/\/scescaldes.com\/wp-content\/uploads\/2025\/05\/sce-historia-2025.jpg 1000w, https:\/\/scescaldes.com\/wp-content\/uploads\/2025\/05\/sce-historia-2025-300x170.jpg 300w, https:\/\/scescaldes.com\/wp-content\/uploads\/2025\/05\/sce-historia-2025-768x435.jpg 768w\" data-sizes=\"(max-width: 800px) 100vw, 800px\" src=\"data:image\/svg+xml;base64,PHN2ZyB3aWR0aD0iMSIgaGVpZ2h0PSIxIiB4bWxucz0iaHR0cDovL3d3dy53My5vcmcvMjAwMC9zdmciPjwvc3ZnPg==\" style=\"--smush-placeholder-width: 800px; --smush-placeholder-aspect-ratio: 800\/454;\" \/>\t\t\t\t\t\t\t\t\t\t\t\t\t\t\t<\/div>\n\t\t\t\t<\/div>\n\t\t\t\t<div class=\"elementor-element elementor-element-76a0ee4 elementor-widget elementor-widget-heading\" data-id=\"76a0ee4\" data-element_type=\"widget\" data-e-type=\"widget\" data-widget_type=\"heading.default\">\n\t\t\t\t<div class=\"elementor-widget-container\">\n\t\t\t\t\t<h2 class=\"elementor-heading-title elementor-size-default\">Sporting 2.0<\/h2>\t\t\t\t<\/div>\n\t\t\t\t<\/div>\n\t\t\t\t<\/div>\n\t\t<div class=\"elementor-element elementor-element-b670a38 e-con-full e-flex e-con e-child\" data-id=\"b670a38\" data-element_type=\"container\" data-e-type=\"container\">\n\t\t\t\t<div class=\"elementor-element elementor-element-ac1ab8d elementor-widget elementor-widget-text-editor\" data-id=\"ac1ab8d\" data-element_type=\"widget\" data-e-type=\"widget\" data-widget_type=\"text-editor.default\">\n\t\t\t\t<div class=\"elementor-widget-container\">\n\t\t\t\t\t\t\t\t\t<p>En 2025, el club inicia <strong>una nueva etapa bajo el liderazgo del <em data-start=\"1163\" data-end=\"1186\">Vinsky Football Group<\/em>, encabezado por Vincent \u201cVinsky\u201d Maduro<\/strong>, reconocido creador de contenidos digitales y apasionado del f\u00fatbol. El proyecto tiene como <strong>objetivo devolver el club a la m\u00e1xima categor\u00eda<\/strong> en el plazo de tres a\u00f1os y sentar unas bases s\u00f3lidas tanto a nivel deportivo como institucional. <strong>Esta nueva etapa marca un antes y un despu\u00e9s en la historia del club.<\/strong><\/p><p class=\"\" data-start=\"627\" data-end=\"1210\">Como parte del proceso de renovaci\u00f3n, se redise\u00f1a completamente <strong data-start=\"691\" data-end=\"711\">el escudo del club<\/strong>, que adopta un estilo moderno e incorpora <strong data-start=\"752\" data-end=\"768\">el tama\u00f1o<\/strong>, flor nacional de Andorra, como s\u00edmbolo de vinculaci\u00f3n con el pa\u00eds. Adem\u00e1s, se cierran acuerdos de patrocinio importantes, como el convenio deportivo con <strong data-start=\"913\" data-end=\"922\">Kappa<\/strong>, que se convierte en el proveedor oficial de equipamiento, y un acuerdo con la plataforma digital <strong data-start=\"1007\" data-end=\"1017\">Sorare<\/strong>. El impacto inicial del proyecto se refleja r\u00e1pidamente: en s\u00f3lo unos d\u00edas, el club supera a los <strong data-start=\"1114\" data-end=\"1134\">16.000 seguidores<\/strong> en las redes sociales y despierta un fuerte inter\u00e9s entre aficionados y medios.<\/p><p class=\"\" data-start=\"1212\" data-end=\"1589\">El lanzamiento genera una gran expectaci\u00f3n, especialmente gracias a la influencia de Vinsky. Varios <strong data-start=\"1311\" data-end=\"1360\">medios de comunicaci\u00f3n andorranos y franc\u00f3fonos<\/strong> se hacen eco del proyecto, que comienza a ganar visibilidad en la escena medi\u00e1tica. Aunque todav\u00eda es pronto para hablar de modelo innovador, el resurgimiento del club se vive con ilusi\u00f3n y sigue con atenci\u00f3n dentro y fuera del pa\u00eds.<\/p>\t\t\t\t\t\t\t\t<\/div>\n\t\t\t\t<\/div>\n\t\t\t\t<\/div>\n\t\t<div class=\"elementor-element elementor-element-0a05f82 e-con-full e-flex e-con e-child\" data-id=\"0a05f82\" data-element_type=\"container\" data-e-type=\"container\">\n\t\t\t\t<\/div>\n\t\t\t\t<\/div>\n\t\t\t\t\t<\/div>\n\t\t\t\t<\/div>\n\t\t\t\t<\/div>","protected":false},"excerpt":{"rendered":"<p>des de 1977 Som hist\u00f2rics 1977\u20132008 Fundaci\u00f3 i primers passos El club es va fundar l\u2019any 1977 amb el nom de Sporting Club d\u2019Engordany i va formar part dels equips pioners del futbol federat a Andorra. Amb l\u2019inici de la lliga nacional andorrana, el Sporting va assolir l\u2019ascens a la Primera Divisi\u00f3 l\u2019any 1995, mantenint-se [&hellip;]<\/p>\n","protected":false},"author":1,"featured_media":0,"parent":0,"menu_order":0,"comment_status":"closed","ping_status":"closed","template":"","meta":{"_acf_changed":false,"footnotes":""},"class_list":["post-594","page","type-page","status-publish","hentry"],"acf":[],"yoast_head":"<!-- This site is optimized with the Yoast SEO plugin v27.0 - https:\/\/yoast.com\/product\/yoast-seo-wordpress\/ -->\n<title>Historia - Sporting Club Escaldes<\/title>\n<meta name=\"robots\" content=\"index, follow, max-snippet:-1, max-image-preview:large, max-video-preview:-1\" \/>\n<link rel=\"canonical\" href=\"https:\/\/scescaldes.com\/es\/historia\/\" \/>\n<meta property=\"og:locale\" content=\"es_ES\" \/>\n<meta property=\"og:type\" content=\"article\" \/>\n<meta property=\"og:title\" content=\"Historia - Sporting Club Escaldes\" \/>\n<meta property=\"og:description\" content=\"des de 1977 Som hist\u00f2rics 1977\u20132008 Fundaci\u00f3 i primers passos El club es va fundar l\u2019any 1977 amb el nom de Sporting Club d\u2019Engordany i va formar part dels equips pioners del futbol federat a Andorra. Amb l\u2019inici de la lliga nacional andorrana, el Sporting va assolir l\u2019ascens a la Primera Divisi\u00f3 l\u2019any 1995, mantenint-se [&hellip;]\" \/>\n<meta property=\"og:url\" content=\"https:\/\/scescaldes.com\/es\/historia\/\" \/>\n<meta property=\"og:site_name\" content=\"Sporting Club Escaldes\" \/>\n<meta property=\"article:modified_time\" content=\"2025-05-17T12:08:07+00:00\" \/>\n<meta property=\"og:image\" content=\"https:\/\/scescaldes.com\/wp-content\/uploads\/2025\/05\/sce-inicios.jpg\" \/>\n\t<meta property=\"og:image:width\" content=\"1000\" \/>\n\t<meta property=\"og:image:height\" content=\"567\" \/>\n\t<meta property=\"og:image:type\" content=\"image\/jpeg\" \/>\n<meta name=\"twitter:card\" content=\"summary_large_image\" \/>\n<meta name=\"twitter:label1\" content=\"Tiempo de lectura\" \/>\n\t<meta name=\"twitter:data1\" content=\"2 minutos\" \/>\n<script type=\"application\/ld+json\" class=\"yoast-schema-graph\">{\"@context\":\"https:\/\/schema.org\",\"@graph\":[{\"@type\":\"WebPage\",\"@id\":\"https:\/\/scescaldes.com\/historia\/\",\"url\":\"https:\/\/scescaldes.com\/historia\/\",\"name\":\"Historia - Sporting Club Escaldes\",\"isPartOf\":{\"@id\":\"https:\/\/scescaldes.com\/#website\"},\"primaryImageOfPage\":{\"@id\":\"https:\/\/scescaldes.com\/historia\/#primaryimage\"},\"image\":{\"@id\":\"https:\/\/scescaldes.com\/historia\/#primaryimage\"},\"thumbnailUrl\":\"https:\/\/scescaldes.com\/wp-content\/uploads\/2025\/05\/sce-inicios.jpg\",\"datePublished\":\"2025-05-03T21:25:56+00:00\",\"dateModified\":\"2025-05-17T12:08:07+00:00\",\"breadcrumb\":{\"@id\":\"https:\/\/scescaldes.com\/historia\/#breadcrumb\"},\"inLanguage\":\"es\",\"potentialAction\":[{\"@type\":\"ReadAction\",\"target\":[\"https:\/\/scescaldes.com\/historia\/\"]}]},{\"@type\":\"ImageObject\",\"inLanguage\":\"es\",\"@id\":\"https:\/\/scescaldes.com\/historia\/#primaryimage\",\"url\":\"https:\/\/scescaldes.com\/wp-content\/uploads\/2025\/05\/sce-inicios.jpg\",\"contentUrl\":\"https:\/\/scescaldes.com\/wp-content\/uploads\/2025\/05\/sce-inicios.jpg\"},{\"@type\":\"BreadcrumbList\",\"@id\":\"https:\/\/scescaldes.com\/historia\/#breadcrumb\",\"itemListElement\":[{\"@type\":\"ListItem\",\"position\":1,\"name\":\"Portada\",\"item\":\"https:\/\/scescaldes.com\/\"},{\"@type\":\"ListItem\",\"position\":2,\"name\":\"Historia\"}]},{\"@type\":\"WebSite\",\"@id\":\"https:\/\/scescaldes.com\/#website\",\"url\":\"https:\/\/scescaldes.com\/\",\"name\":\"Sporting Club Escaldes\",\"description\":\"Web oficial \u00b7 Somiem Alt Junts\",\"publisher\":{\"@id\":\"https:\/\/scescaldes.com\/#organization\"},\"potentialAction\":[{\"@type\":\"SearchAction\",\"target\":{\"@type\":\"EntryPoint\",\"urlTemplate\":\"https:\/\/scescaldes.com\/?s={search_term_string}\"},\"query-input\":{\"@type\":\"PropertyValueSpecification\",\"valueRequired\":true,\"valueName\":\"search_term_string\"}}],\"inLanguage\":\"es\"},{\"@type\":\"Organization\",\"@id\":\"https:\/\/scescaldes.com\/#organization\",\"name\":\"Sporting Club Escaldes\",\"url\":\"https:\/\/scescaldes.com\/\",\"logo\":{\"@type\":\"ImageObject\",\"inLanguage\":\"es\",\"@id\":\"https:\/\/scescaldes.com\/#\/schema\/logo\/image\/\",\"url\":\"https:\/\/scescaldes.com\/wp-content\/uploads\/2025\/03\/sc-escaldes-fav.png\",\"contentUrl\":\"https:\/\/scescaldes.com\/wp-content\/uploads\/2025\/03\/sc-escaldes-fav.png\",\"width\":512,\"height\":512,\"caption\":\"Sporting Club Escaldes\"},\"image\":{\"@id\":\"https:\/\/scescaldes.com\/#\/schema\/logo\/image\/\"},\"sameAs\":[\"https:\/\/www.instagram.com\/sportingclubescaldes\/\"]}]}<\/script>\n<!-- \/ Yoast SEO plugin. -->","yoast_head_json":{"title":"Historia - Sporting Club Escaldes","robots":{"index":"index","follow":"follow","max-snippet":"max-snippet:-1","max-image-preview":"max-image-preview:large","max-video-preview":"max-video-preview:-1"},"canonical":"https:\/\/scescaldes.com\/es\/historia\/","og_locale":"es_ES","og_type":"article","og_title":"Historia - Sporting Club Escaldes","og_description":"des de 1977 Som hist\u00f2rics 1977\u20132008 Fundaci\u00f3 i primers passos El club es va fundar l\u2019any 1977 amb el nom de Sporting Club d\u2019Engordany i va formar part dels equips pioners del futbol federat a Andorra. Amb l\u2019inici de la lliga nacional andorrana, el Sporting va assolir l\u2019ascens a la Primera Divisi\u00f3 l\u2019any 1995, mantenint-se [&hellip;]","og_url":"https:\/\/scescaldes.com\/es\/historia\/","og_site_name":"Sporting Club Escaldes","article_modified_time":"2025-05-17T12:08:07+00:00","og_image":[{"width":1000,"height":567,"url":"https:\/\/scescaldes.com\/wp-content\/uploads\/2025\/05\/sce-inicios.jpg","type":"image\/jpeg"}],"twitter_card":"summary_large_image","twitter_misc":{"Tiempo de lectura":"2 minutos"},"schema":{"@context":"https:\/\/schema.org","@graph":[{"@type":"WebPage","@id":"https:\/\/scescaldes.com\/historia\/","url":"https:\/\/scescaldes.com\/historia\/","name":"Historia - Sporting Club Escaldes","isPartOf":{"@id":"https:\/\/scescaldes.com\/#website"},"primaryImageOfPage":{"@id":"https:\/\/scescaldes.com\/historia\/#primaryimage"},"image":{"@id":"https:\/\/scescaldes.com\/historia\/#primaryimage"},"thumbnailUrl":"https:\/\/scescaldes.com\/wp-content\/uploads\/2025\/05\/sce-inicios.jpg","datePublished":"2025-05-03T21:25:56+00:00","dateModified":"2025-05-17T12:08:07+00:00","breadcrumb":{"@id":"https:\/\/scescaldes.com\/historia\/#breadcrumb"},"inLanguage":"es","potentialAction":[{"@type":"ReadAction","target":["https:\/\/scescaldes.com\/historia\/"]}]},{"@type":"ImageObject","inLanguage":"es","@id":"https:\/\/scescaldes.com\/historia\/#primaryimage","url":"https:\/\/scescaldes.com\/wp-content\/uploads\/2025\/05\/sce-inicios.jpg","contentUrl":"https:\/\/scescaldes.com\/wp-content\/uploads\/2025\/05\/sce-inicios.jpg"},{"@type":"BreadcrumbList","@id":"https:\/\/scescaldes.com\/historia\/#breadcrumb","itemListElement":[{"@type":"ListItem","position":1,"name":"Portada","item":"https:\/\/scescaldes.com\/"},{"@type":"ListItem","position":2,"name":"Historia"}]},{"@type":"WebSite","@id":"https:\/\/scescaldes.com\/#website","url":"https:\/\/scescaldes.com\/","name":"Sporting Club Escaldes","description":"Web oficial \u00b7 So\u00f1amos Alto Juntos","publisher":{"@id":"https:\/\/scescaldes.com\/#organization"},"potentialAction":[{"@type":"SearchAction","target":{"@type":"EntryPoint","urlTemplate":"https:\/\/scescaldes.com\/?s={search_term_string}"},"query-input":{"@type":"PropertyValueSpecification","valueRequired":true,"valueName":"search_term_string"}}],"inLanguage":"es"},{"@type":"Organization","@id":"https:\/\/scescaldes.com\/#organization","name":"Sporting Club Escaldes","url":"https:\/\/scescaldes.com\/","logo":{"@type":"ImageObject","inLanguage":"es","@id":"https:\/\/scescaldes.com\/#\/schema\/logo\/image\/","url":"https:\/\/scescaldes.com\/wp-content\/uploads\/2025\/03\/sc-escaldes-fav.png","contentUrl":"https:\/\/scescaldes.com\/wp-content\/uploads\/2025\/03\/sc-escaldes-fav.png","width":512,"height":512,"caption":"Sporting Club Escaldes"},"image":{"@id":"https:\/\/scescaldes.com\/#\/schema\/logo\/image\/"},"sameAs":["https:\/\/www.instagram.com\/sportingclubescaldes\/"]}]}},"_links":{"self":[{"href":"https:\/\/scescaldes.com\/es\/wp-json\/wp\/v2\/pages\/594","targetHints":{"allow":["GET"]}}],"collection":[{"href":"https:\/\/scescaldes.com\/es\/wp-json\/wp\/v2\/pages"}],"about":[{"href":"https:\/\/scescaldes.com\/es\/wp-json\/wp\/v2\/types\/page"}],"author":[{"embeddable":true,"href":"https:\/\/scescaldes.com\/es\/wp-json\/wp\/v2\/users\/1"}],"replies":[{"embeddable":true,"href":"https:\/\/scescaldes.com\/es\/wp-json\/wp\/v2\/comments?post=594"}],"version-history":[{"count":49,"href":"https:\/\/scescaldes.com\/es\/wp-json\/wp\/v2\/pages\/594\/revisions"}],"predecessor-version":[{"id":706,"href":"https:\/\/scescaldes.com\/es\/wp-json\/wp\/v2\/pages\/594\/revisions\/706"}],"wp:attachment":[{"href":"https:\/\/scescaldes.com\/es\/wp-json\/wp\/v2\/media?parent=594"}],"curies":[{"name":"wp","href":"https:\/\/api.w.org\/{rel}","templated":true}]}}