{"id":1110,"date":"2025-05-21T16:50:25","date_gmt":"2025-05-21T16:50:25","guid":{"rendered":"https:\/\/scescaldes.com\/?page_id=1110"},"modified":"2025-05-21T16:51:42","modified_gmt":"2025-05-21T16:51:42","slug":"politique-de-confidentialite","status":"publish","type":"page","link":"https:\/\/scescaldes.com\/fr\/politica-de-privacitat\/","title":{"rendered":"Politique de confidentialit\u00e9"},"content":{"rendered":"<div data-elementor-type=\"wp-page\" data-elementor-id=\"1110\" class=\"elementor elementor-1110\" data-elementor-post-type=\"page\">\n\t\t\t\t<div class=\"elementor-element elementor-element-29ede56 e-flex e-con-boxed e-con e-parent\" data-id=\"29ede56\" data-element_type=\"container\" data-e-type=\"container\">\n\t\t\t\t\t<div class=\"e-con-inner\">\n\t\t\t\t\t<\/div>\n\t\t\t\t<\/div>\n\t\t<div class=\"elementor-element elementor-element-d7ba5fa e-flex e-con-boxed e-con e-parent\" data-id=\"d7ba5fa\" data-element_type=\"container\" data-e-type=\"container\">\n\t\t\t\t\t<div class=\"e-con-inner\">\n\t\t<div class=\"elementor-element elementor-element-dd32384 e-con-full e-flex e-con e-child\" data-id=\"dd32384\" data-element_type=\"container\" data-e-type=\"container\" data-settings=\"{&quot;background_background&quot;:&quot;classic&quot;}\">\n\t\t\t\t<div class=\"elementor-element elementor-element-ed2a30b elementor-widget elementor-widget-text-editor\" data-id=\"ed2a30b\" data-element_type=\"widget\" data-e-type=\"widget\" data-widget_type=\"text-editor.default\">\n\t\t\t\t<div class=\"elementor-widget-container\">\n\t\t\t\t\t\t\t\t\t<p class=\"\" data-start=\"2144\" data-end=\"2276\">Conform\u00e9ment \u00e0 la <strong data-start=\"2164\" data-end=\"2243\">Loi 29\/2021 du 28 octobre relative \u00e0 la protection des donn\u00e9es personnelles<\/strong>, rapporte le Sporting Club Escaldes :<\/p><p class=\"\" data-start=\"2278\" data-end=\"2428\"><strong data-start=\"2278\" data-end=\"2309\">Responsable du traitement\u00a0:<\/strong><br data-start=\"2309\" data-end=\"2312\" \/>Sporting Club Escaldes<br data-start=\"2334\" data-end=\"2337\" \/>Si\u00e8ge social : Bonaventura Ryberaigua n-6 2-1, AD500 Andorre-la-Vieille<br data-start=\"2396\" data-end=\"2399\" \/>Contact: <a class=\"cursor-pointer\" rel=\"noopener\" data-start=\"2409\" data-end=\"2428\">info@scescaldes.com<\/a><\/p><p class=\"\" data-start=\"2430\" data-end=\"2605\"><strong data-start=\"2430\" data-end=\"2459\">Objectif du traitement :<\/strong><br data-start=\"2459\" data-end=\"2462\" \/>Les donn\u00e9es personnelles que vous pourriez fournir via les formulaires de contact ou d&#039;autres canaux de communication du site web seront trait\u00e9es par\u00a0:<\/p><ul data-start=\"2606\" data-end=\"2779\"><li class=\"\" data-start=\"2606\" data-end=\"2642\"><p class=\"\" data-start=\"2608\" data-end=\"2642\">R\u00e9pondre aux demandes de renseignements et aux requ\u00eates<\/p><\/li><li class=\"\" data-start=\"2643\" data-end=\"2723\"><p class=\"\" data-start=\"2645\" data-end=\"2723\">G\u00e9rer les communications d&#039;information ou les inscriptions sportives (lorsqu&#039;elles sont activ\u00e9es)<\/p><\/li><li class=\"\" data-start=\"2724\" data-end=\"2779\"><p class=\"\" data-start=\"2726\" data-end=\"2779\">Analyser l&#039;activit\u00e9 du site web \u00e0 l&#039;aide de cookies<\/p><\/li><\/ul><p class=\"\" data-start=\"2781\" data-end=\"2947\"><strong data-start=\"2781\" data-end=\"2797\">L\u00e9gitimation:<\/strong><br data-start=\"2797\" data-end=\"2800\" \/>Le traitement est fond\u00e9 sur le consentement de l\u2019utilisateur et, le cas \u00e9ch\u00e9ant, sur l\u2019ex\u00e9cution d\u2019une relation contractuelle (inscription, candidature, etc.).<\/p><p class=\"\" data-start=\"2949\" data-end=\"3115\"><strong data-start=\"2949\" data-end=\"2971\">Transferts de donn\u00e9es\u00a0:<\/strong><br data-start=\"2971\" data-end=\"2974\" \/>Aucune donn\u00e9e ne sera transf\u00e9r\u00e9e \u00e0 des tiers, sauf en cas d&#039;obligation l\u00e9gale ou de collaboration avec des entit\u00e9s directement li\u00e9es aux activit\u00e9s du club.<\/p><p class=\"\" data-start=\"3117\" data-end=\"3296\"><strong data-start=\"3117\" data-end=\"3140\">Droits de l&#039;utilisateur\u00a0:<\/strong><br data-start=\"3140\" data-end=\"3143\" \/>Vous pouvez exercer vos droits d&#039;acc\u00e8s, de rectification, d&#039;effacement, d&#039;opposition et de limitation du traitement en adressant une demande \u00e9crite \u00e0 <a class=\"cursor-pointer\" rel=\"noopener\" data-start=\"3274\" data-end=\"3293\">info@scescaldes.com<\/a>.<\/p><p class=\"\" data-start=\"3298\" data-end=\"3478\"><strong data-start=\"3298\" data-end=\"3327\">Conservation des donn\u00e9es :<\/strong><br data-start=\"3327\" data-end=\"3330\" \/>Les donn\u00e9es seront conserv\u00e9es aussi longtemps que n\u00e9cessaire aux fins pour lesquelles elles ont \u00e9t\u00e9 collect\u00e9es et\/ou jusqu&#039;\u00e0 ce que leur suppression soit demand\u00e9e.<\/p>\t\t\t\t\t\t\t\t<\/div>\n\t\t\t\t<\/div>\n\t\t\t\t<\/div>\n\t\t\t\t\t<\/div>\n\t\t\t\t<\/div>\n\t\t\t\t<\/div>","protected":false},"excerpt":{"rendered":"<p>En compliment de la Llei 29\/2021, del 28 d&#8217;octubre, qualificada de protecci\u00f3 de dades personals, Sporting Club Escaldes informa: Responsable del tractament:Sporting Club EscaldesSeu: Bonaventura Ryberaigua n-6 2-1, AD500 Andorra la VellaContacte: info@scescaldes.com Finalitat del tractament:Les dades personals que puguis facilitar mitjan\u00e7ant els formularis de contacte o altres canals de comunicaci\u00f3 del lloc web seran [&hellip;]<\/p>\n","protected":false},"author":1,"featured_media":0,"parent":0,"menu_order":0,"comment_status":"closed","ping_status":"closed","template":"","meta":{"_acf_changed":false,"footnotes":""},"class_list":["post-1110","page","type-page","status-publish","hentry"],"acf":[],"yoast_head":"<!-- This site is optimized with the Yoast SEO plugin v27.0 - https:\/\/yoast.com\/product\/yoast-seo-wordpress\/ -->\n<title>Pol\u00edtica de privacitat - Sporting Club Escaldes<\/title>\n<meta name=\"robots\" content=\"index, follow, max-snippet:-1, max-image-preview:large, max-video-preview:-1\" \/>\n<link rel=\"canonical\" href=\"https:\/\/scescaldes.com\/fr\/politique-de-confidentialite\/\" \/>\n<meta property=\"og:locale\" content=\"fr_FR\" \/>\n<meta property=\"og:type\" content=\"article\" \/>\n<meta property=\"og:title\" content=\"Pol\u00edtica de privacitat - Sporting Club Escaldes\" \/>\n<meta property=\"og:description\" content=\"En compliment de la Llei 29\/2021, del 28 d&#8217;octubre, qualificada de protecci\u00f3 de dades personals, Sporting Club Escaldes informa: Responsable del tractament:Sporting Club EscaldesSeu: Bonaventura Ryberaigua n-6 2-1, AD500 Andorra la VellaContacte: info@scescaldes.com Finalitat del tractament:Les dades personals que puguis facilitar mitjan\u00e7ant els formularis de contacte o altres canals de comunicaci\u00f3 del lloc web seran [&hellip;]\" \/>\n<meta property=\"og:url\" content=\"https:\/\/scescaldes.com\/fr\/politique-de-confidentialite\/\" \/>\n<meta property=\"og:site_name\" content=\"Sporting Club Escaldes\" \/>\n<meta property=\"article:modified_time\" content=\"2025-05-21T16:51:42+00:00\" \/>\n<meta name=\"twitter:card\" content=\"summary_large_image\" \/>\n<meta name=\"twitter:label1\" content=\"Dur\u00e9e de lecture estim\u00e9e\" \/>\n\t<meta name=\"twitter:data1\" content=\"1 minute\" \/>\n<script type=\"application\/ld+json\" class=\"yoast-schema-graph\">{\"@context\":\"https:\/\/schema.org\",\"@graph\":[{\"@type\":\"WebPage\",\"@id\":\"https:\/\/scescaldes.com\/politica-de-privacitat\/\",\"url\":\"https:\/\/scescaldes.com\/politica-de-privacitat\/\",\"name\":\"Pol\u00edtica de privacitat - Sporting Club Escaldes\",\"isPartOf\":{\"@id\":\"https:\/\/scescaldes.com\/#website\"},\"datePublished\":\"2025-05-21T16:50:25+00:00\",\"dateModified\":\"2025-05-21T16:51:42+00:00\",\"breadcrumb\":{\"@id\":\"https:\/\/scescaldes.com\/politica-de-privacitat\/#breadcrumb\"},\"inLanguage\":\"fr-FR\",\"potentialAction\":[{\"@type\":\"ReadAction\",\"target\":[\"https:\/\/scescaldes.com\/politica-de-privacitat\/\"]}]},{\"@type\":\"BreadcrumbList\",\"@id\":\"https:\/\/scescaldes.com\/politica-de-privacitat\/#breadcrumb\",\"itemListElement\":[{\"@type\":\"ListItem\",\"position\":1,\"name\":\"Portada\",\"item\":\"https:\/\/scescaldes.com\/\"},{\"@type\":\"ListItem\",\"position\":2,\"name\":\"Pol\u00edtica de privacitat\"}]},{\"@type\":\"WebSite\",\"@id\":\"https:\/\/scescaldes.com\/#website\",\"url\":\"https:\/\/scescaldes.com\/\",\"name\":\"Sporting Club Escaldes\",\"description\":\"Web oficial \u00b7 Somiem Alt Junts\",\"publisher\":{\"@id\":\"https:\/\/scescaldes.com\/#organization\"},\"potentialAction\":[{\"@type\":\"SearchAction\",\"target\":{\"@type\":\"EntryPoint\",\"urlTemplate\":\"https:\/\/scescaldes.com\/?s={search_term_string}\"},\"query-input\":{\"@type\":\"PropertyValueSpecification\",\"valueRequired\":true,\"valueName\":\"search_term_string\"}}],\"inLanguage\":\"fr-FR\"},{\"@type\":\"Organization\",\"@id\":\"https:\/\/scescaldes.com\/#organization\",\"name\":\"Sporting Club Escaldes\",\"url\":\"https:\/\/scescaldes.com\/\",\"logo\":{\"@type\":\"ImageObject\",\"inLanguage\":\"fr-FR\",\"@id\":\"https:\/\/scescaldes.com\/#\/schema\/logo\/image\/\",\"url\":\"https:\/\/scescaldes.com\/wp-content\/uploads\/2025\/03\/sc-escaldes-fav.png\",\"contentUrl\":\"https:\/\/scescaldes.com\/wp-content\/uploads\/2025\/03\/sc-escaldes-fav.png\",\"width\":512,\"height\":512,\"caption\":\"Sporting Club Escaldes\"},\"image\":{\"@id\":\"https:\/\/scescaldes.com\/#\/schema\/logo\/image\/\"},\"sameAs\":[\"https:\/\/www.instagram.com\/sportingclubescaldes\/\"]}]}<\/script>\n<!-- \/ Yoast SEO plugin. -->","yoast_head_json":{"title":"Politique de confidentialit\u00e9 - Sporting Club Escaldes","robots":{"index":"index","follow":"follow","max-snippet":"max-snippet:-1","max-image-preview":"max-image-preview:large","max-video-preview":"max-video-preview:-1"},"canonical":"https:\/\/scescaldes.com\/fr\/politique-de-confidentialite\/","og_locale":"fr_FR","og_type":"article","og_title":"Pol\u00edtica de privacitat - Sporting Club Escaldes","og_description":"En compliment de la Llei 29\/2021, del 28 d&#8217;octubre, qualificada de protecci\u00f3 de dades personals, Sporting Club Escaldes informa: Responsable del tractament:Sporting Club EscaldesSeu: Bonaventura Ryberaigua n-6 2-1, AD500 Andorra la VellaContacte: info@scescaldes.com Finalitat del tractament:Les dades personals que puguis facilitar mitjan\u00e7ant els formularis de contacte o altres canals de comunicaci\u00f3 del lloc web seran [&hellip;]","og_url":"https:\/\/scescaldes.com\/fr\/politique-de-confidentialite\/","og_site_name":"Sporting Club Escaldes","article_modified_time":"2025-05-21T16:51:42+00:00","twitter_card":"summary_large_image","twitter_misc":{"Dur\u00e9e de lecture estim\u00e9e":"1 minute"},"schema":{"@context":"https:\/\/schema.org","@graph":[{"@type":"WebPage","@id":"https:\/\/scescaldes.com\/politica-de-privacitat\/","url":"https:\/\/scescaldes.com\/politica-de-privacitat\/","name":"Politique de confidentialit\u00e9 - Sporting Club Escaldes","isPartOf":{"@id":"https:\/\/scescaldes.com\/#website"},"datePublished":"2025-05-21T16:50:25+00:00","dateModified":"2025-05-21T16:51:42+00:00","breadcrumb":{"@id":"https:\/\/scescaldes.com\/politica-de-privacitat\/#breadcrumb"},"inLanguage":"fr-FR","potentialAction":[{"@type":"ReadAction","target":["https:\/\/scescaldes.com\/politica-de-privacitat\/"]}]},{"@type":"BreadcrumbList","@id":"https:\/\/scescaldes.com\/politica-de-privacitat\/#breadcrumb","itemListElement":[{"@type":"ListItem","position":1,"name":"Portada","item":"https:\/\/scescaldes.com\/"},{"@type":"ListItem","position":2,"name":"Pol\u00edtica de privacitat"}]},{"@type":"WebSite","@id":"https:\/\/scescaldes.com\/#website","url":"https:\/\/scescaldes.com\/","name":"Sporting Club Escaldes","description":"Site officiel \u00b7 Nous r\u00eavons haut ensemble","publisher":{"@id":"https:\/\/scescaldes.com\/#organization"},"potentialAction":[{"@type":"SearchAction","target":{"@type":"EntryPoint","urlTemplate":"https:\/\/scescaldes.com\/?s={search_term_string}"},"query-input":{"@type":"PropertyValueSpecification","valueRequired":true,"valueName":"search_term_string"}}],"inLanguage":"fr-FR"},{"@type":"Organization","@id":"https:\/\/scescaldes.com\/#organization","name":"Sporting Club Escaldes","url":"https:\/\/scescaldes.com\/","logo":{"@type":"ImageObject","inLanguage":"fr-FR","@id":"https:\/\/scescaldes.com\/#\/schema\/logo\/image\/","url":"https:\/\/scescaldes.com\/wp-content\/uploads\/2025\/03\/sc-escaldes-fav.png","contentUrl":"https:\/\/scescaldes.com\/wp-content\/uploads\/2025\/03\/sc-escaldes-fav.png","width":512,"height":512,"caption":"Sporting Club Escaldes"},"image":{"@id":"https:\/\/scescaldes.com\/#\/schema\/logo\/image\/"},"sameAs":["https:\/\/www.instagram.com\/sportingclubescaldes\/"]}]}},"_links":{"self":[{"href":"https:\/\/scescaldes.com\/fr\/wp-json\/wp\/v2\/pages\/1110","targetHints":{"allow":["GET"]}}],"collection":[{"href":"https:\/\/scescaldes.com\/fr\/wp-json\/wp\/v2\/pages"}],"about":[{"href":"https:\/\/scescaldes.com\/fr\/wp-json\/wp\/v2\/types\/page"}],"author":[{"embeddable":true,"href":"https:\/\/scescaldes.com\/fr\/wp-json\/wp\/v2\/users\/1"}],"replies":[{"embeddable":true,"href":"https:\/\/scescaldes.com\/fr\/wp-json\/wp\/v2\/comments?post=1110"}],"version-history":[{"count":4,"href":"https:\/\/scescaldes.com\/fr\/wp-json\/wp\/v2\/pages\/1110\/revisions"}],"predecessor-version":[{"id":1114,"href":"https:\/\/scescaldes.com\/fr\/wp-json\/wp\/v2\/pages\/1110\/revisions\/1114"}],"wp:attachment":[{"href":"https:\/\/scescaldes.com\/fr\/wp-json\/wp\/v2\/media?parent=1110"}],"curies":[{"name":"wp","href":"https:\/\/api.w.org\/{rel}","templated":true}]}}