{"id":1115,"date":"2025-05-21T16:52:54","date_gmt":"2025-05-21T16:52:54","guid":{"rendered":"https:\/\/scescaldes.com\/?page_id=1115"},"modified":"2025-05-21T16:53:16","modified_gmt":"2025-05-21T16:53:16","slug":"politique-en-matiere-de-cookies","status":"publish","type":"page","link":"https:\/\/scescaldes.com\/fr\/politica-de-cookies\/","title":{"rendered":"Politique relative aux cookies"},"content":{"rendered":"<div data-elementor-type=\"wp-page\" data-elementor-id=\"1115\" class=\"elementor elementor-1115\" data-elementor-post-type=\"page\">\n\t\t\t\t<div class=\"elementor-element elementor-element-29ede56 e-flex e-con-boxed e-con e-parent\" data-id=\"29ede56\" data-element_type=\"container\" data-e-type=\"container\">\n\t\t\t\t\t<div class=\"e-con-inner\">\n\t\t\t\t\t<\/div>\n\t\t\t\t<\/div>\n\t\t<div class=\"elementor-element elementor-element-d7ba5fa e-flex e-con-boxed e-con e-parent\" data-id=\"d7ba5fa\" data-element_type=\"container\" data-e-type=\"container\">\n\t\t\t\t\t<div class=\"e-con-inner\">\n\t\t<div class=\"elementor-element elementor-element-dd32384 e-con-full e-flex e-con e-child\" data-id=\"dd32384\" data-element_type=\"container\" data-e-type=\"container\" data-settings=\"{&quot;background_background&quot;:&quot;classic&quot;}\">\n\t\t\t\t<div class=\"elementor-element elementor-element-ed2a30b elementor-widget elementor-widget-text-editor\" data-id=\"ed2a30b\" data-element_type=\"widget\" data-e-type=\"widget\" data-widget_type=\"text-editor.default\">\n\t\t\t\t<div class=\"elementor-widget-container\">\n\t\t\t\t\t\t\t\t\t<p class=\"\" data-start=\"1195\" data-end=\"1322\">Ce site web utilise <strong data-start=\"1220\" data-end=\"1252\">cookies propres et tiers<\/strong> \u00e0 des fins d&#039;analyse et pour am\u00e9liorer l&#039;exp\u00e9rience de navigation.<\/p><p class=\"\" data-start=\"1324\" data-end=\"1587\"><strong data-start=\"1324\" data-end=\"1348\">Que sont les cookies ?<\/strong><br data-start=\"1348\" data-end=\"1351\" \/>Les cookies sont de petits fichiers de donn\u00e9es stock\u00e9s sur l&#039;appareil de l&#039;utilisateur lorsqu&#039;il visite un site web. Ils servent \u00e0 m\u00e9moriser les pr\u00e9f\u00e9rences de navigation, \u00e0 analyser l&#039;utilisation du site et, dans certains cas, \u00e0 afficher un contenu personnalis\u00e9.<\/p><p class=\"\" data-start=\"1589\" data-end=\"1613\"><strong data-start=\"1589\" data-end=\"1613\">Cookies utilis\u00e9s\u00a0:<\/strong><\/p><ul data-start=\"1614\" data-end=\"1880\"><li class=\"\" data-start=\"1614\" data-end=\"1686\"><p class=\"\" data-start=\"1616\" data-end=\"1686\"><strong data-start=\"1616\" data-end=\"1638\">Cookies techniques\u00a0:<\/strong> N\u00e9cessaire au fonctionnement de base du site.<\/p><\/li><li class=\"\" data-start=\"1687\" data-end=\"1802\"><p class=\"\" data-start=\"1689\" data-end=\"1802\"><strong data-start=\"1689\" data-end=\"1732\">Cookies analytiques (Google Analytics)\u00a0:<\/strong> Ils nous permettent de savoir comment les utilisateurs utilisent le site web et de l&#039;am\u00e9liorer.<\/p><\/li><li class=\"\" data-start=\"1803\" data-end=\"1880\"><p class=\"\" data-start=\"1805\" data-end=\"1880\"><strong data-start=\"1805\" data-end=\"1828\">Cookies tiers\u00a0:<\/strong> Contenu int\u00e9gr\u00e9 tel que des vid\u00e9os (par exemple, YouTube).<\/p><\/li><\/ul><p class=\"\" data-start=\"1882\" data-end=\"2102\"><strong data-start=\"1882\" data-end=\"1904\">Gestion des cookies\u00a0:<\/strong><br data-start=\"1904\" data-end=\"1907\" \/>Lors de votre navigation sur ce site web, votre consentement est requis pour l&#039;utilisation de cookies non essentiels. Vous pouvez modifier ou retirer votre consentement \u00e0 tout moment via les param\u00e8tres de votre navigateur.<\/p>\t\t\t\t\t\t\t\t<\/div>\n\t\t\t\t<\/div>\n\t\t\t\t<\/div>\n\t\t\t\t\t<\/div>\n\t\t\t\t<\/div>\n\t\t\t\t<\/div>","protected":false},"excerpt":{"rendered":"<p>Aquest lloc web utilitza cookies pr\u00f2pies i de tercers amb finalitats anal\u00edtiques i per millorar l\u2019experi\u00e8ncia de navegaci\u00f3. Qu\u00e8 s\u00f3n les cookies?Les cookies s\u00f3n petits fitxers de dades que es guarden al dispositiu de l\u2019usuari quan visita un lloc web. Serveixen per recordar les prefer\u00e8ncies de navegaci\u00f3, analitzar l\u2019\u00fas del lloc i, en alguns casos, [&hellip;]<\/p>\n","protected":false},"author":1,"featured_media":0,"parent":0,"menu_order":0,"comment_status":"closed","ping_status":"closed","template":"","meta":{"_acf_changed":false,"footnotes":""},"class_list":["post-1115","page","type-page","status-publish","hentry"],"acf":[],"yoast_head":"<!-- This site is optimized with the Yoast SEO plugin v27.0 - https:\/\/yoast.com\/product\/yoast-seo-wordpress\/ -->\n<title>Pol\u00edtica de Cookies - Sporting Club Escaldes<\/title>\n<meta name=\"robots\" content=\"index, follow, max-snippet:-1, max-image-preview:large, max-video-preview:-1\" \/>\n<link rel=\"canonical\" href=\"https:\/\/scescaldes.com\/fr\/politique-en-matiere-de-cookies\/\" \/>\n<meta property=\"og:locale\" content=\"fr_FR\" \/>\n<meta property=\"og:type\" content=\"article\" \/>\n<meta property=\"og:title\" content=\"Pol\u00edtica de Cookies - Sporting Club Escaldes\" \/>\n<meta property=\"og:description\" content=\"Aquest lloc web utilitza cookies pr\u00f2pies i de tercers amb finalitats anal\u00edtiques i per millorar l\u2019experi\u00e8ncia de navegaci\u00f3. Qu\u00e8 s\u00f3n les cookies?Les cookies s\u00f3n petits fitxers de dades que es guarden al dispositiu de l\u2019usuari quan visita un lloc web. Serveixen per recordar les prefer\u00e8ncies de navegaci\u00f3, analitzar l\u2019\u00fas del lloc i, en alguns casos, [&hellip;]\" \/>\n<meta property=\"og:url\" content=\"https:\/\/scescaldes.com\/fr\/politique-en-matiere-de-cookies\/\" \/>\n<meta property=\"og:site_name\" content=\"Sporting Club Escaldes\" \/>\n<meta property=\"article:modified_time\" content=\"2025-05-21T16:53:16+00:00\" \/>\n<meta name=\"twitter:card\" content=\"summary_large_image\" \/>\n<meta name=\"twitter:label1\" content=\"Dur\u00e9e de lecture estim\u00e9e\" \/>\n\t<meta name=\"twitter:data1\" content=\"1 minute\" \/>\n<script type=\"application\/ld+json\" class=\"yoast-schema-graph\">{\"@context\":\"https:\/\/schema.org\",\"@graph\":[{\"@type\":\"WebPage\",\"@id\":\"https:\/\/scescaldes.com\/politica-de-cookies\/\",\"url\":\"https:\/\/scescaldes.com\/politica-de-cookies\/\",\"name\":\"Pol\u00edtica de Cookies - Sporting Club Escaldes\",\"isPartOf\":{\"@id\":\"https:\/\/scescaldes.com\/#website\"},\"datePublished\":\"2025-05-21T16:52:54+00:00\",\"dateModified\":\"2025-05-21T16:53:16+00:00\",\"breadcrumb\":{\"@id\":\"https:\/\/scescaldes.com\/politica-de-cookies\/#breadcrumb\"},\"inLanguage\":\"fr-FR\",\"potentialAction\":[{\"@type\":\"ReadAction\",\"target\":[\"https:\/\/scescaldes.com\/politica-de-cookies\/\"]}]},{\"@type\":\"BreadcrumbList\",\"@id\":\"https:\/\/scescaldes.com\/politica-de-cookies\/#breadcrumb\",\"itemListElement\":[{\"@type\":\"ListItem\",\"position\":1,\"name\":\"Portada\",\"item\":\"https:\/\/scescaldes.com\/\"},{\"@type\":\"ListItem\",\"position\":2,\"name\":\"Pol\u00edtica de Cookies\"}]},{\"@type\":\"WebSite\",\"@id\":\"https:\/\/scescaldes.com\/#website\",\"url\":\"https:\/\/scescaldes.com\/\",\"name\":\"Sporting Club Escaldes\",\"description\":\"Web oficial \u00b7 Somiem Alt Junts\",\"publisher\":{\"@id\":\"https:\/\/scescaldes.com\/#organization\"},\"potentialAction\":[{\"@type\":\"SearchAction\",\"target\":{\"@type\":\"EntryPoint\",\"urlTemplate\":\"https:\/\/scescaldes.com\/?s={search_term_string}\"},\"query-input\":{\"@type\":\"PropertyValueSpecification\",\"valueRequired\":true,\"valueName\":\"search_term_string\"}}],\"inLanguage\":\"fr-FR\"},{\"@type\":\"Organization\",\"@id\":\"https:\/\/scescaldes.com\/#organization\",\"name\":\"Sporting Club Escaldes\",\"url\":\"https:\/\/scescaldes.com\/\",\"logo\":{\"@type\":\"ImageObject\",\"inLanguage\":\"fr-FR\",\"@id\":\"https:\/\/scescaldes.com\/#\/schema\/logo\/image\/\",\"url\":\"https:\/\/scescaldes.com\/wp-content\/uploads\/2025\/03\/sc-escaldes-fav.png\",\"contentUrl\":\"https:\/\/scescaldes.com\/wp-content\/uploads\/2025\/03\/sc-escaldes-fav.png\",\"width\":512,\"height\":512,\"caption\":\"Sporting Club Escaldes\"},\"image\":{\"@id\":\"https:\/\/scescaldes.com\/#\/schema\/logo\/image\/\"},\"sameAs\":[\"https:\/\/www.instagram.com\/sportingclubescaldes\/\"]}]}<\/script>\n<!-- \/ Yoast SEO plugin. -->","yoast_head_json":{"title":"Politique relative aux cookies - Sporting Club Escaldes","robots":{"index":"index","follow":"follow","max-snippet":"max-snippet:-1","max-image-preview":"max-image-preview:large","max-video-preview":"max-video-preview:-1"},"canonical":"https:\/\/scescaldes.com\/fr\/politique-en-matiere-de-cookies\/","og_locale":"fr_FR","og_type":"article","og_title":"Pol\u00edtica de Cookies - Sporting Club Escaldes","og_description":"Aquest lloc web utilitza cookies pr\u00f2pies i de tercers amb finalitats anal\u00edtiques i per millorar l\u2019experi\u00e8ncia de navegaci\u00f3. Qu\u00e8 s\u00f3n les cookies?Les cookies s\u00f3n petits fitxers de dades que es guarden al dispositiu de l\u2019usuari quan visita un lloc web. Serveixen per recordar les prefer\u00e8ncies de navegaci\u00f3, analitzar l\u2019\u00fas del lloc i, en alguns casos, [&hellip;]","og_url":"https:\/\/scescaldes.com\/fr\/politique-en-matiere-de-cookies\/","og_site_name":"Sporting Club Escaldes","article_modified_time":"2025-05-21T16:53:16+00:00","twitter_card":"summary_large_image","twitter_misc":{"Dur\u00e9e de lecture estim\u00e9e":"1 minute"},"schema":{"@context":"https:\/\/schema.org","@graph":[{"@type":"WebPage","@id":"https:\/\/scescaldes.com\/politica-de-cookies\/","url":"https:\/\/scescaldes.com\/politica-de-cookies\/","name":"Politique relative aux cookies - Sporting Club Escaldes","isPartOf":{"@id":"https:\/\/scescaldes.com\/#website"},"datePublished":"2025-05-21T16:52:54+00:00","dateModified":"2025-05-21T16:53:16+00:00","breadcrumb":{"@id":"https:\/\/scescaldes.com\/politica-de-cookies\/#breadcrumb"},"inLanguage":"fr-FR","potentialAction":[{"@type":"ReadAction","target":["https:\/\/scescaldes.com\/politica-de-cookies\/"]}]},{"@type":"BreadcrumbList","@id":"https:\/\/scescaldes.com\/politica-de-cookies\/#breadcrumb","itemListElement":[{"@type":"ListItem","position":1,"name":"Portada","item":"https:\/\/scescaldes.com\/"},{"@type":"ListItem","position":2,"name":"Pol\u00edtica de Cookies"}]},{"@type":"WebSite","@id":"https:\/\/scescaldes.com\/#website","url":"https:\/\/scescaldes.com\/","name":"Sporting Club Escaldes","description":"Site officiel \u00b7 Nous r\u00eavons haut ensemble","publisher":{"@id":"https:\/\/scescaldes.com\/#organization"},"potentialAction":[{"@type":"SearchAction","target":{"@type":"EntryPoint","urlTemplate":"https:\/\/scescaldes.com\/?s={search_term_string}"},"query-input":{"@type":"PropertyValueSpecification","valueRequired":true,"valueName":"search_term_string"}}],"inLanguage":"fr-FR"},{"@type":"Organization","@id":"https:\/\/scescaldes.com\/#organization","name":"Sporting Club Escaldes","url":"https:\/\/scescaldes.com\/","logo":{"@type":"ImageObject","inLanguage":"fr-FR","@id":"https:\/\/scescaldes.com\/#\/schema\/logo\/image\/","url":"https:\/\/scescaldes.com\/wp-content\/uploads\/2025\/03\/sc-escaldes-fav.png","contentUrl":"https:\/\/scescaldes.com\/wp-content\/uploads\/2025\/03\/sc-escaldes-fav.png","width":512,"height":512,"caption":"Sporting Club Escaldes"},"image":{"@id":"https:\/\/scescaldes.com\/#\/schema\/logo\/image\/"},"sameAs":["https:\/\/www.instagram.com\/sportingclubescaldes\/"]}]}},"_links":{"self":[{"href":"https:\/\/scescaldes.com\/fr\/wp-json\/wp\/v2\/pages\/1115","targetHints":{"allow":["GET"]}}],"collection":[{"href":"https:\/\/scescaldes.com\/fr\/wp-json\/wp\/v2\/pages"}],"about":[{"href":"https:\/\/scescaldes.com\/fr\/wp-json\/wp\/v2\/types\/page"}],"author":[{"embeddable":true,"href":"https:\/\/scescaldes.com\/fr\/wp-json\/wp\/v2\/users\/1"}],"replies":[{"embeddable":true,"href":"https:\/\/scescaldes.com\/fr\/wp-json\/wp\/v2\/comments?post=1115"}],"version-history":[{"count":4,"href":"https:\/\/scescaldes.com\/fr\/wp-json\/wp\/v2\/pages\/1115\/revisions"}],"predecessor-version":[{"id":1119,"href":"https:\/\/scescaldes.com\/fr\/wp-json\/wp\/v2\/pages\/1115\/revisions\/1119"}],"wp:attachment":[{"href":"https:\/\/scescaldes.com\/fr\/wp-json\/wp\/v2\/media?parent=1115"}],"curies":[{"name":"wp","href":"https:\/\/api.w.org\/{rel}","templated":true}]}}