{"id":1875,"date":"2025-08-16T15:36:52","date_gmt":"2025-08-16T13:36:52","guid":{"rendered":"https:\/\/scescaldes.com\/?page_id=1875"},"modified":"2025-08-16T15:44:36","modified_gmt":"2025-08-16T13:44:36","slug":"achats-et-expedition","status":"publish","type":"page","link":"https:\/\/scescaldes.com\/fr\/compres-i-enviament\/","title":{"rendered":"Achats et exp\u00e9dition"},"content":{"rendered":"<div data-elementor-type=\"wp-page\" data-elementor-id=\"1875\" class=\"elementor elementor-1875\" data-elementor-post-type=\"page\">\n\t\t\t\t<div class=\"elementor-element elementor-element-29ede56 e-flex e-con-boxed e-con e-parent\" data-id=\"29ede56\" data-element_type=\"container\" data-e-type=\"container\">\n\t\t\t\t\t<div class=\"e-con-inner\">\n\t\t\t\t\t<\/div>\n\t\t\t\t<\/div>\n\t\t<div class=\"elementor-element elementor-element-d7ba5fa e-flex e-con-boxed e-con e-parent\" data-id=\"d7ba5fa\" data-element_type=\"container\" data-e-type=\"container\">\n\t\t\t\t\t<div class=\"e-con-inner\">\n\t\t<div class=\"elementor-element elementor-element-dd32384 e-con-full e-flex e-con e-child\" data-id=\"dd32384\" data-element_type=\"container\" data-e-type=\"container\" data-settings=\"{&quot;background_background&quot;:&quot;classic&quot;}\">\n\t\t\t\t<div class=\"elementor-element elementor-element-ed2a30b elementor-widget elementor-widget-text-editor\" data-id=\"ed2a30b\" data-element_type=\"widget\" data-e-type=\"widget\" data-widget_type=\"text-editor.default\">\n\t\t\t\t<div class=\"elementor-widget-container\">\n\t\t\t\t\t\t\t\t\t<p><strong>Conditions g\u00e9n\u00e9rales<\/strong><\/p><p>En effectuant un achat sur le site web du Sporting Club Escaldes, le client accepte pleinement les pr\u00e9sentes conditions d&#039;achat, d&#039;exp\u00e9dition et de retour.<\/p><p>Le club d\u00e9cline toute responsabilit\u00e9 en cas de perte ou de dommage survenu pendant le transport, mais il apportera son aide dans la gestion des \u00e9ventuelles r\u00e9clamations contre la soci\u00e9t\u00e9 de transport.<\/p><p>Les conditions peuvent \u00eatre modifi\u00e9es sans pr\u00e9avis, mais toujours dans le respect des commandes d\u00e9j\u00e0 pass\u00e9es conform\u00e9ment \u00e0 la politique en vigueur au moment de l&#039;achat.<\/p><p>Tout incident doit \u00eatre signal\u00e9 par courriel \u00e0 l\u2019adresse suivante\u00a0: info@scescaldes.com.<\/p><p><strong>Production \u00e0 la demande<\/strong><\/p><p>Les produits Sporting Club Escaldes sont fabriqu\u00e9s \u00e0 la demande. Cela signifie que les d\u00e9lais de production et de livraison peuvent varier et, dans certains cas, d\u00e9passer 30 jours \u00e0 compter de la confirmation de la commande.<\/p><p><strong>Produits non retournables<\/strong><\/p><p>Certains articles ont un caract\u00e8re sp\u00e9cial et personnalis\u00e9 pour l&#039;acheteur et, par cons\u00e9quent, ne sont pas repris.<br \/>C&#039;est le cas de :<\/p><p>\u00c9charpe Vinsky en \u00e9dition limit\u00e9e<\/p><p><strong>politique de retour<\/strong><\/p><p>Le d\u00e9lai pour demander un retour est de 15 jours calendaires \u00e0 compter de la date de livraison.<\/p><p>Les frais de retour de l&#039;article sont \u00e0 la charge du client.<\/p><p>Le produit doit \u00eatre en parfait \u00e9tat, non utilis\u00e9 et dans son emballage d&#039;origine.<\/p><p>Le Sporting Club Escaldes se r\u00e9serve le droit de refuser tout retour ne respectant pas ces conditions.<\/p><p><strong>Informations de paiement et confidentialit\u00e9<\/strong><\/p><p>Nous ne conservons aucune information relative aux paiements (telles que les cartes de cr\u00e9dit ou de d\u00e9bit).<\/p><p>Les paiements sont trait\u00e9s de mani\u00e8re s\u00e9curis\u00e9e via des plateformes tierces.<\/p><p>Nous ne conservons que l&#039;adresse de livraison, qui n&#039;est utilis\u00e9e \u00e0 aucune autre fin que la gestion des commandes.<\/p><p><strong>Port\u00e9e de l&#039;exp\u00e9dition<\/strong><\/p><p>Les achats se font depuis Andorre et les exp\u00e9ditions sont effectu\u00e9es uniquement vers la France et l&#039;Espagne.<br \/>Les d\u00e9lais peuvent varier en fonction de la soci\u00e9t\u00e9 de transport et d&#039;\u00e9ventuels retards douaniers, pour lesquels le club ne peut \u00eatre tenu responsable.<\/p>\t\t\t\t\t\t\t\t<\/div>\n\t\t\t\t<\/div>\n\t\t\t\t<\/div>\n\t\t\t\t\t<\/div>\n\t\t\t\t<\/div>\n\t\t\t\t<\/div>","protected":false},"excerpt":{"rendered":"<p>Condicions generals En realitzar una compra al web del Sporting Club Escaldes, el client accepta \u00edntegrament aquestes condicions de compra, enviament i devoluci\u00f3. El club no es fa responsable de p\u00e8rdues o danys causats durant el transport, encara que ajudar\u00e0 en la gesti\u00f3 de possibles reclamacions davant l\u2019empresa de missatgeria. Les condicions poden ser modificades [&hellip;]<\/p>\n","protected":false},"author":1,"featured_media":0,"parent":0,"menu_order":0,"comment_status":"closed","ping_status":"closed","template":"","meta":{"_acf_changed":false,"footnotes":""},"class_list":["post-1875","page","type-page","status-publish","hentry"],"acf":[],"yoast_head":"<!-- This site is optimized with the Yoast SEO plugin v27.0 - https:\/\/yoast.com\/product\/yoast-seo-wordpress\/ -->\n<title>Compres i enviament - Sporting Club Escaldes<\/title>\n<meta name=\"robots\" content=\"index, follow, max-snippet:-1, max-image-preview:large, max-video-preview:-1\" \/>\n<link rel=\"canonical\" href=\"https:\/\/scescaldes.com\/fr\/achats-et-expedition\/\" \/>\n<meta property=\"og:locale\" content=\"fr_FR\" \/>\n<meta property=\"og:type\" content=\"article\" \/>\n<meta property=\"og:title\" content=\"Compres i enviament - Sporting Club Escaldes\" \/>\n<meta property=\"og:description\" content=\"Condicions generals En realitzar una compra al web del Sporting Club Escaldes, el client accepta \u00edntegrament aquestes condicions de compra, enviament i devoluci\u00f3. El club no es fa responsable de p\u00e8rdues o danys causats durant el transport, encara que ajudar\u00e0 en la gesti\u00f3 de possibles reclamacions davant l\u2019empresa de missatgeria. Les condicions poden ser modificades [&hellip;]\" \/>\n<meta property=\"og:url\" content=\"https:\/\/scescaldes.com\/fr\/achats-et-expedition\/\" \/>\n<meta property=\"og:site_name\" content=\"Sporting Club Escaldes\" \/>\n<meta property=\"article:modified_time\" content=\"2025-08-16T13:44:36+00:00\" \/>\n<meta name=\"twitter:card\" content=\"summary_large_image\" \/>\n<meta name=\"twitter:label1\" content=\"Dur\u00e9e de lecture estim\u00e9e\" \/>\n\t<meta name=\"twitter:data1\" content=\"2 minutes\" \/>\n<script type=\"application\/ld+json\" class=\"yoast-schema-graph\">{\"@context\":\"https:\/\/schema.org\",\"@graph\":[{\"@type\":\"WebPage\",\"@id\":\"https:\/\/scescaldes.com\/compres-i-enviament\/\",\"url\":\"https:\/\/scescaldes.com\/compres-i-enviament\/\",\"name\":\"Compres i enviament - Sporting Club Escaldes\",\"isPartOf\":{\"@id\":\"https:\/\/scescaldes.com\/#website\"},\"datePublished\":\"2025-08-16T13:36:52+00:00\",\"dateModified\":\"2025-08-16T13:44:36+00:00\",\"breadcrumb\":{\"@id\":\"https:\/\/scescaldes.com\/compres-i-enviament\/#breadcrumb\"},\"inLanguage\":\"fr-FR\",\"potentialAction\":[{\"@type\":\"ReadAction\",\"target\":[\"https:\/\/scescaldes.com\/compres-i-enviament\/\"]}]},{\"@type\":\"BreadcrumbList\",\"@id\":\"https:\/\/scescaldes.com\/compres-i-enviament\/#breadcrumb\",\"itemListElement\":[{\"@type\":\"ListItem\",\"position\":1,\"name\":\"Portada\",\"item\":\"https:\/\/scescaldes.com\/\"},{\"@type\":\"ListItem\",\"position\":2,\"name\":\"Compres i enviament\"}]},{\"@type\":\"WebSite\",\"@id\":\"https:\/\/scescaldes.com\/#website\",\"url\":\"https:\/\/scescaldes.com\/\",\"name\":\"Sporting Club Escaldes\",\"description\":\"Web oficial \u00b7 Somiem Alt Junts\",\"publisher\":{\"@id\":\"https:\/\/scescaldes.com\/#organization\"},\"potentialAction\":[{\"@type\":\"SearchAction\",\"target\":{\"@type\":\"EntryPoint\",\"urlTemplate\":\"https:\/\/scescaldes.com\/?s={search_term_string}\"},\"query-input\":{\"@type\":\"PropertyValueSpecification\",\"valueRequired\":true,\"valueName\":\"search_term_string\"}}],\"inLanguage\":\"fr-FR\"},{\"@type\":\"Organization\",\"@id\":\"https:\/\/scescaldes.com\/#organization\",\"name\":\"Sporting Club Escaldes\",\"url\":\"https:\/\/scescaldes.com\/\",\"logo\":{\"@type\":\"ImageObject\",\"inLanguage\":\"fr-FR\",\"@id\":\"https:\/\/scescaldes.com\/#\/schema\/logo\/image\/\",\"url\":\"https:\/\/scescaldes.com\/wp-content\/uploads\/2025\/03\/sc-escaldes-fav.png\",\"contentUrl\":\"https:\/\/scescaldes.com\/wp-content\/uploads\/2025\/03\/sc-escaldes-fav.png\",\"width\":512,\"height\":512,\"caption\":\"Sporting Club Escaldes\"},\"image\":{\"@id\":\"https:\/\/scescaldes.com\/#\/schema\/logo\/image\/\"},\"sameAs\":[\"https:\/\/www.instagram.com\/sportingclubescaldes\/\"]}]}<\/script>\n<!-- \/ Yoast SEO plugin. -->","yoast_head_json":{"title":"Achats et livraison - Sporting Club Escaldes","robots":{"index":"index","follow":"follow","max-snippet":"max-snippet:-1","max-image-preview":"max-image-preview:large","max-video-preview":"max-video-preview:-1"},"canonical":"https:\/\/scescaldes.com\/fr\/achats-et-expedition\/","og_locale":"fr_FR","og_type":"article","og_title":"Compres i enviament - Sporting Club Escaldes","og_description":"Condicions generals En realitzar una compra al web del Sporting Club Escaldes, el client accepta \u00edntegrament aquestes condicions de compra, enviament i devoluci\u00f3. El club no es fa responsable de p\u00e8rdues o danys causats durant el transport, encara que ajudar\u00e0 en la gesti\u00f3 de possibles reclamacions davant l\u2019empresa de missatgeria. Les condicions poden ser modificades [&hellip;]","og_url":"https:\/\/scescaldes.com\/fr\/achats-et-expedition\/","og_site_name":"Sporting Club Escaldes","article_modified_time":"2025-08-16T13:44:36+00:00","twitter_card":"summary_large_image","twitter_misc":{"Dur\u00e9e de lecture estim\u00e9e":"2 minutes"},"schema":{"@context":"https:\/\/schema.org","@graph":[{"@type":"WebPage","@id":"https:\/\/scescaldes.com\/compres-i-enviament\/","url":"https:\/\/scescaldes.com\/compres-i-enviament\/","name":"Achats et livraison - Sporting Club Escaldes","isPartOf":{"@id":"https:\/\/scescaldes.com\/#website"},"datePublished":"2025-08-16T13:36:52+00:00","dateModified":"2025-08-16T13:44:36+00:00","breadcrumb":{"@id":"https:\/\/scescaldes.com\/compres-i-enviament\/#breadcrumb"},"inLanguage":"fr-FR","potentialAction":[{"@type":"ReadAction","target":["https:\/\/scescaldes.com\/compres-i-enviament\/"]}]},{"@type":"BreadcrumbList","@id":"https:\/\/scescaldes.com\/compres-i-enviament\/#breadcrumb","itemListElement":[{"@type":"ListItem","position":1,"name":"Portada","item":"https:\/\/scescaldes.com\/"},{"@type":"ListItem","position":2,"name":"Compres i enviament"}]},{"@type":"WebSite","@id":"https:\/\/scescaldes.com\/#website","url":"https:\/\/scescaldes.com\/","name":"Sporting Club Escaldes","description":"Site officiel \u00b7 Nous r\u00eavons haut ensemble","publisher":{"@id":"https:\/\/scescaldes.com\/#organization"},"potentialAction":[{"@type":"SearchAction","target":{"@type":"EntryPoint","urlTemplate":"https:\/\/scescaldes.com\/?s={search_term_string}"},"query-input":{"@type":"PropertyValueSpecification","valueRequired":true,"valueName":"search_term_string"}}],"inLanguage":"fr-FR"},{"@type":"Organization","@id":"https:\/\/scescaldes.com\/#organization","name":"Sporting Club Escaldes","url":"https:\/\/scescaldes.com\/","logo":{"@type":"ImageObject","inLanguage":"fr-FR","@id":"https:\/\/scescaldes.com\/#\/schema\/logo\/image\/","url":"https:\/\/scescaldes.com\/wp-content\/uploads\/2025\/03\/sc-escaldes-fav.png","contentUrl":"https:\/\/scescaldes.com\/wp-content\/uploads\/2025\/03\/sc-escaldes-fav.png","width":512,"height":512,"caption":"Sporting Club Escaldes"},"image":{"@id":"https:\/\/scescaldes.com\/#\/schema\/logo\/image\/"},"sameAs":["https:\/\/www.instagram.com\/sportingclubescaldes\/"]}]}},"_links":{"self":[{"href":"https:\/\/scescaldes.com\/fr\/wp-json\/wp\/v2\/pages\/1875","targetHints":{"allow":["GET"]}}],"collection":[{"href":"https:\/\/scescaldes.com\/fr\/wp-json\/wp\/v2\/pages"}],"about":[{"href":"https:\/\/scescaldes.com\/fr\/wp-json\/wp\/v2\/types\/page"}],"author":[{"embeddable":true,"href":"https:\/\/scescaldes.com\/fr\/wp-json\/wp\/v2\/users\/1"}],"replies":[{"embeddable":true,"href":"https:\/\/scescaldes.com\/fr\/wp-json\/wp\/v2\/comments?post=1875"}],"version-history":[{"count":7,"href":"https:\/\/scescaldes.com\/fr\/wp-json\/wp\/v2\/pages\/1875\/revisions"}],"predecessor-version":[{"id":1882,"href":"https:\/\/scescaldes.com\/fr\/wp-json\/wp\/v2\/pages\/1875\/revisions\/1882"}],"wp:attachment":[{"href":"https:\/\/scescaldes.com\/fr\/wp-json\/wp\/v2\/media?parent=1875"}],"curies":[{"name":"wp","href":"https:\/\/api.w.org\/{rel}","templated":true}]}}