{"id":1950,"date":"2025-09-15T20:42:07","date_gmt":"2025-09-15T18:42:07","guid":{"rendered":"https:\/\/scescaldes.com\/?page_id=1950"},"modified":"2025-09-24T16:03:06","modified_gmt":"2025-09-24T14:03:06","slug":"calendrier-de-base","status":"publish","type":"page","link":"https:\/\/scescaldes.com\/fr\/calendari-base\/","title":{"rendered":"Calendrier de base"},"content":{"rendered":"<div data-elementor-type=\"wp-page\" data-elementor-id=\"1950\" class=\"elementor elementor-1950\" data-elementor-post-type=\"page\">\n\t\t\t\t<div class=\"elementor-element elementor-element-27c2f67 e-flex e-con-boxed e-con e-parent\" data-id=\"27c2f67\" data-element_type=\"container\" data-e-type=\"container\">\n\t\t\t\t\t<div class=\"e-con-inner\">\n\t\t<div class=\"elementor-element elementor-element-28614dc e-con-full e-flex e-con e-child\" data-id=\"28614dc\" data-element_type=\"container\" data-e-type=\"container\" data-settings=\"{&quot;background_background&quot;:&quot;classic&quot;}\">\n\t\t<div class=\"elementor-element elementor-element-bd1aaef e-con-full e-flex e-con e-child\" data-id=\"bd1aaef\" data-element_type=\"container\" data-e-type=\"container\" data-settings=\"{&quot;background_background&quot;:&quot;classic&quot;}\">\n\t\t\t\t<div class=\"elementor-element elementor-element-dc1066a elementor-widget elementor-widget-heading\" data-id=\"dc1066a\" data-element_type=\"widget\" data-e-type=\"widget\" data-widget_type=\"heading.default\">\n\t\t\t\t<div class=\"elementor-widget-container\">\n\t\t\t\t\t<h2 class=\"elementor-heading-title elementor-size-default\">Initiation<\/h2>\t\t\t\t<\/div>\n\t\t\t\t<\/div>\n\t\t\t\t<div class=\"elementor-element elementor-element-471d09f elementor-widget-divider--view-line elementor-widget elementor-widget-divider\" data-id=\"471d09f\" data-element_type=\"widget\" data-e-type=\"widget\" data-widget_type=\"divider.default\">\n\t\t\t\t<div class=\"elementor-widget-container\">\n\t\t\t\t\t\t\t<div class=\"elementor-divider\">\n\t\t\t<span class=\"elementor-divider-separator\">\n\t\t\t\t\t\t<\/span>\n\t\t<\/div>\n\t\t\t\t\t\t<\/div>\n\t\t\t\t<\/div>\n\t\t\t\t<div class=\"elementor-element elementor-element-621b4fc elementor-widget elementor-widget-icon-box\" data-id=\"621b4fc\" data-element_type=\"widget\" data-e-type=\"widget\" data-widget_type=\"icon-box.default\">\n\t\t\t\t<div class=\"elementor-widget-container\">\n\t\t\t\t\t\t\t<div class=\"elementor-icon-box-wrapper\">\n\n\t\t\t\n\t\t\t\t\t\t<div class=\"elementor-icon-box-content\">\n\n\t\t\t\t\t\t\t\t\t<h3 class=\"elementor-icon-box-title\">\n\t\t\t\t\t\t<span  >\n\t\t\t\t\t\t\tDillus\t\t\t\t\t\t<\/span>\n\t\t\t\t\t<\/h3>\n\t\t\t\t\n\t\t\t\t\t\t\t\t\t<p class=\"elementor-icon-box-description\">\n\t\t\t\t\t\t<b>STADE NATIONAL :<b \/> 17h30 \u00e0 18h45\t\t\t\t\t<\/p>\n\t\t\t\t\n\t\t\t<\/div>\n\t\t\t\n\t\t<\/div>\n\t\t\t\t\t\t<\/div>\n\t\t\t\t<\/div>\n\t\t\t\t<div class=\"elementor-element elementor-element-ad946cc elementor-widget elementor-widget-icon-box\" data-id=\"ad946cc\" data-element_type=\"widget\" data-e-type=\"widget\" data-widget_type=\"icon-box.default\">\n\t\t\t\t<div class=\"elementor-widget-container\">\n\t\t\t\t\t\t\t<div class=\"elementor-icon-box-wrapper\">\n\n\t\t\t\n\t\t\t\t\t\t<div class=\"elementor-icon-box-content\">\n\n\t\t\t\t\t\t\t\t\t<h3 class=\"elementor-icon-box-title\">\n\t\t\t\t\t\t<span  >\n\t\t\t\t\t\t\tMardi\t\t\t\t\t\t<\/span>\n\t\t\t\t\t<\/h3>\n\t\t\t\t\n\t\t\t\t\t\t\t\t\t<p class=\"elementor-icon-box-description\">\n\t\t\t\t\t\tFAF CE : 17h30 \u00e0 18h45\t\t\t\t\t<\/p>\n\t\t\t\t\n\t\t\t<\/div>\n\t\t\t\n\t\t<\/div>\n\t\t\t\t\t\t<\/div>\n\t\t\t\t<\/div>\n\t\t\t\t<\/div>\n\t\t<div class=\"elementor-element elementor-element-00d0257 e-con-full e-flex e-con e-child\" data-id=\"00d0257\" data-element_type=\"container\" data-e-type=\"container\" data-settings=\"{&quot;background_background&quot;:&quot;classic&quot;}\">\n\t\t\t\t<div class=\"elementor-element elementor-element-821b8b1 elementor-widget elementor-widget-heading\" data-id=\"821b8b1\" data-element_type=\"widget\" data-e-type=\"widget\" data-widget_type=\"heading.default\">\n\t\t\t\t<div class=\"elementor-widget-container\">\n\t\t\t\t\t<h2 class=\"elementor-heading-title elementor-size-default\">Avant Benjamin<\/h2>\t\t\t\t<\/div>\n\t\t\t\t<\/div>\n\t\t\t\t<div class=\"elementor-element elementor-element-7348c7e elementor-widget-divider--view-line elementor-widget elementor-widget-divider\" data-id=\"7348c7e\" data-element_type=\"widget\" data-e-type=\"widget\" data-widget_type=\"divider.default\">\n\t\t\t\t<div class=\"elementor-widget-container\">\n\t\t\t\t\t\t\t<div class=\"elementor-divider\">\n\t\t\t<span class=\"elementor-divider-separator\">\n\t\t\t\t\t\t<\/span>\n\t\t<\/div>\n\t\t\t\t\t\t<\/div>\n\t\t\t\t<\/div>\n\t\t\t\t<div class=\"elementor-element elementor-element-890a50f elementor-widget elementor-widget-icon-box\" data-id=\"890a50f\" data-element_type=\"widget\" data-e-type=\"widget\" data-widget_type=\"icon-box.default\">\n\t\t\t\t<div class=\"elementor-widget-container\">\n\t\t\t\t\t\t\t<div class=\"elementor-icon-box-wrapper\">\n\n\t\t\t\n\t\t\t\t\t\t<div class=\"elementor-icon-box-content\">\n\n\t\t\t\t\t\t\t\t\t<h3 class=\"elementor-icon-box-title\">\n\t\t\t\t\t\t<span  >\n\t\t\t\t\t\t\tDillus\t\t\t\t\t\t<\/span>\n\t\t\t\t\t<\/h3>\n\t\t\t\t\n\t\t\t\t\t\t\t\t\t<p class=\"elementor-icon-box-description\">\n\t\t\t\t\t\t<b>STADE NATIONAL :<b \/> 17h30 \u00e0 18h45\t\t\t\t\t<\/p>\n\t\t\t\t\n\t\t\t<\/div>\n\t\t\t\n\t\t<\/div>\n\t\t\t\t\t\t<\/div>\n\t\t\t\t<\/div>\n\t\t\t\t<div class=\"elementor-element elementor-element-26fcdaf elementor-widget elementor-widget-icon-box\" data-id=\"26fcdaf\" data-element_type=\"widget\" data-e-type=\"widget\" data-widget_type=\"icon-box.default\">\n\t\t\t\t<div class=\"elementor-widget-container\">\n\t\t\t\t\t\t\t<div class=\"elementor-icon-box-wrapper\">\n\n\t\t\t\n\t\t\t\t\t\t<div class=\"elementor-icon-box-content\">\n\n\t\t\t\t\t\t\t\t\t<h3 class=\"elementor-icon-box-title\">\n\t\t\t\t\t\t<span  >\n\t\t\t\t\t\t\tVendredi\t\t\t\t\t\t<\/span>\n\t\t\t\t\t<\/h3>\n\t\t\t\t\n\t\t\t\t\t\t\t\t\t<p class=\"elementor-icon-box-description\">\n\t\t\t\t\t\tTERRAIN OAK : 18h30 \u00e0 19h30\t\t\t\t\t<\/p>\n\t\t\t\t\n\t\t\t<\/div>\n\t\t\t\n\t\t<\/div>\n\t\t\t\t\t\t<\/div>\n\t\t\t\t<\/div>\n\t\t\t\t<\/div>\n\t\t<div class=\"elementor-element elementor-element-365f90f e-con-full e-flex e-con e-child\" data-id=\"365f90f\" data-element_type=\"container\" data-e-type=\"container\" data-settings=\"{&quot;background_background&quot;:&quot;classic&quot;}\">\n\t\t\t\t<div class=\"elementor-element elementor-element-44ebae3 elementor-widget elementor-widget-heading\" data-id=\"44ebae3\" data-element_type=\"widget\" data-e-type=\"widget\" data-widget_type=\"heading.default\">\n\t\t\t\t<div class=\"elementor-widget-container\">\n\t\t\t\t\t<h2 class=\"elementor-heading-title elementor-size-default\">Benjoin<\/h2>\t\t\t\t<\/div>\n\t\t\t\t<\/div>\n\t\t\t\t<div class=\"elementor-element elementor-element-f665ed0 elementor-widget-divider--view-line elementor-widget elementor-widget-divider\" data-id=\"f665ed0\" data-element_type=\"widget\" data-e-type=\"widget\" data-widget_type=\"divider.default\">\n\t\t\t\t<div class=\"elementor-widget-container\">\n\t\t\t\t\t\t\t<div class=\"elementor-divider\">\n\t\t\t<span class=\"elementor-divider-separator\">\n\t\t\t\t\t\t<\/span>\n\t\t<\/div>\n\t\t\t\t\t\t<\/div>\n\t\t\t\t<\/div>\n\t\t\t\t<div class=\"elementor-element elementor-element-a29a3c2 elementor-widget elementor-widget-icon-box\" data-id=\"a29a3c2\" data-element_type=\"widget\" data-e-type=\"widget\" data-widget_type=\"icon-box.default\">\n\t\t\t\t<div class=\"elementor-widget-container\">\n\t\t\t\t\t\t\t<div class=\"elementor-icon-box-wrapper\">\n\n\t\t\t\n\t\t\t\t\t\t<div class=\"elementor-icon-box-content\">\n\n\t\t\t\t\t\t\t\t\t<h3 class=\"elementor-icon-box-title\">\n\t\t\t\t\t\t<span  >\n\t\t\t\t\t\t\tDillus\t\t\t\t\t\t<\/span>\n\t\t\t\t\t<\/h3>\n\t\t\t\t\n\t\t\t\t\t\t\t\t\t<p class=\"elementor-icon-box-description\">\n\t\t\t\t\t\t<b>STADE NATIONAL :<b \/> 17h30 \u00e0 18h45\t\t\t\t\t<\/p>\n\t\t\t\t\n\t\t\t<\/div>\n\t\t\t\n\t\t<\/div>\n\t\t\t\t\t\t<\/div>\n\t\t\t\t<\/div>\n\t\t\t\t<div class=\"elementor-element elementor-element-9f80cd7 elementor-widget elementor-widget-icon-box\" data-id=\"9f80cd7\" data-element_type=\"widget\" data-e-type=\"widget\" data-widget_type=\"icon-box.default\">\n\t\t\t\t<div class=\"elementor-widget-container\">\n\t\t\t\t\t\t\t<div class=\"elementor-icon-box-wrapper\">\n\n\t\t\t\n\t\t\t\t\t\t<div class=\"elementor-icon-box-content\">\n\n\t\t\t\t\t\t\t\t\t<h3 class=\"elementor-icon-box-title\">\n\t\t\t\t\t\t<span  >\n\t\t\t\t\t\t\tVendredi\t\t\t\t\t\t<\/span>\n\t\t\t\t\t<\/h3>\n\t\t\t\t\n\t\t\t\t\t\t\t\t\t<p class=\"elementor-icon-box-description\">\n\t\t\t\t\t\tTERRAIN OAK : 18h30 \u00e0 19h30\t\t\t\t\t<\/p>\n\t\t\t\t\n\t\t\t<\/div>\n\t\t\t\n\t\t<\/div>\n\t\t\t\t\t\t<\/div>\n\t\t\t\t<\/div>\n\t\t\t\t<\/div>\n\t\t\t\t<\/div>\n\t\t\t\t\t<\/div>\n\t\t\t\t<\/div>\n\t\t\t\t<\/div>","protected":false},"excerpt":{"rendered":"<p>Initiation Dillus STADE NATIONAL\u00a0: 17h30 \u00e0 18h45 mardi CE DE LA FAF\u00a0: 17h30 \u00e0 18h45 Pr\u00e9-Benjam\u00ed Dillus STADE NATIONAL\u00a0: 17h30 \u00e0 18h45 vendredi PRAT DEL ROURE\u00a0: 18h30 \u00e0 19h30 Benjamin Dillus STADE NATIONAL\u00a0: 17h30 \u00e0 18h45 vendredi PRAT DEL ROURE\u00a0: 18h30 \u00e0 19h30<\/p>","protected":false},"author":1,"featured_media":0,"parent":0,"menu_order":0,"comment_status":"closed","ping_status":"closed","template":"","meta":{"_acf_changed":false,"footnotes":""},"class_list":["post-1950","page","type-page","status-publish","hentry"],"acf":[],"yoast_head":"<!-- This site is optimized with the Yoast SEO plugin v27.0 - https:\/\/yoast.com\/product\/yoast-seo-wordpress\/ -->\n<title>Calendari base - Sporting Club Escaldes<\/title>\n<meta name=\"robots\" content=\"index, follow, max-snippet:-1, max-image-preview:large, max-video-preview:-1\" \/>\n<link rel=\"canonical\" href=\"https:\/\/scescaldes.com\/fr\/calendrier-de-base\/\" \/>\n<meta property=\"og:locale\" content=\"fr_FR\" \/>\n<meta property=\"og:type\" content=\"article\" \/>\n<meta property=\"og:title\" content=\"Calendari base - Sporting Club Escaldes\" \/>\n<meta property=\"og:description\" content=\"Iniciaci\u00f3 Dillus ESTADI NACIONAL: 17:30 a 18:45 Dimarts C.E. DE LA FAF: 17:30 a 18:45 Pre-Benjam\u00ed Dillus ESTADI NACIONAL: 17:30 a 18:45 Divendres PRAT DEL ROURE: 18:30 a 19:30 Benjam\u00ed Dillus ESTADI NACIONAL: 17:30 a 18:45 Divendres PRAT DEL ROURE: 18:30 a 19:30\" \/>\n<meta property=\"og:url\" content=\"https:\/\/scescaldes.com\/fr\/calendrier-de-base\/\" \/>\n<meta property=\"og:site_name\" content=\"Sporting Club Escaldes\" \/>\n<meta property=\"article:modified_time\" content=\"2025-09-24T14:03:06+00:00\" \/>\n<meta name=\"twitter:card\" content=\"summary_large_image\" \/>\n<meta name=\"twitter:label1\" content=\"Dur\u00e9e de lecture estim\u00e9e\" \/>\n\t<meta name=\"twitter:data1\" content=\"1 minute\" \/>\n<script type=\"application\/ld+json\" class=\"yoast-schema-graph\">{\"@context\":\"https:\/\/schema.org\",\"@graph\":[{\"@type\":\"WebPage\",\"@id\":\"https:\/\/scescaldes.com\/calendari-base\/\",\"url\":\"https:\/\/scescaldes.com\/calendari-base\/\",\"name\":\"Calendari base - Sporting Club Escaldes\",\"isPartOf\":{\"@id\":\"https:\/\/scescaldes.com\/#website\"},\"datePublished\":\"2025-09-15T18:42:07+00:00\",\"dateModified\":\"2025-09-24T14:03:06+00:00\",\"breadcrumb\":{\"@id\":\"https:\/\/scescaldes.com\/calendari-base\/#breadcrumb\"},\"inLanguage\":\"fr-FR\",\"potentialAction\":[{\"@type\":\"ReadAction\",\"target\":[\"https:\/\/scescaldes.com\/calendari-base\/\"]}]},{\"@type\":\"BreadcrumbList\",\"@id\":\"https:\/\/scescaldes.com\/calendari-base\/#breadcrumb\",\"itemListElement\":[{\"@type\":\"ListItem\",\"position\":1,\"name\":\"Portada\",\"item\":\"https:\/\/scescaldes.com\/\"},{\"@type\":\"ListItem\",\"position\":2,\"name\":\"Calendari base\"}]},{\"@type\":\"WebSite\",\"@id\":\"https:\/\/scescaldes.com\/#website\",\"url\":\"https:\/\/scescaldes.com\/\",\"name\":\"Sporting Club Escaldes\",\"description\":\"Web oficial \u00b7 Somiem Alt Junts\",\"publisher\":{\"@id\":\"https:\/\/scescaldes.com\/#organization\"},\"potentialAction\":[{\"@type\":\"SearchAction\",\"target\":{\"@type\":\"EntryPoint\",\"urlTemplate\":\"https:\/\/scescaldes.com\/?s={search_term_string}\"},\"query-input\":{\"@type\":\"PropertyValueSpecification\",\"valueRequired\":true,\"valueName\":\"search_term_string\"}}],\"inLanguage\":\"fr-FR\"},{\"@type\":\"Organization\",\"@id\":\"https:\/\/scescaldes.com\/#organization\",\"name\":\"Sporting Club Escaldes\",\"url\":\"https:\/\/scescaldes.com\/\",\"logo\":{\"@type\":\"ImageObject\",\"inLanguage\":\"fr-FR\",\"@id\":\"https:\/\/scescaldes.com\/#\/schema\/logo\/image\/\",\"url\":\"https:\/\/scescaldes.com\/wp-content\/uploads\/2025\/03\/sc-escaldes-fav.png\",\"contentUrl\":\"https:\/\/scescaldes.com\/wp-content\/uploads\/2025\/03\/sc-escaldes-fav.png\",\"width\":512,\"height\":512,\"caption\":\"Sporting Club Escaldes\"},\"image\":{\"@id\":\"https:\/\/scescaldes.com\/#\/schema\/logo\/image\/\"},\"sameAs\":[\"https:\/\/www.instagram.com\/sportingclubescaldes\/\"]}]}<\/script>\n<!-- \/ Yoast SEO plugin. -->","yoast_head_json":{"title":"Calendrier de base - Sporting Club Escaldes","robots":{"index":"index","follow":"follow","max-snippet":"max-snippet:-1","max-image-preview":"max-image-preview:large","max-video-preview":"max-video-preview:-1"},"canonical":"https:\/\/scescaldes.com\/fr\/calendrier-de-base\/","og_locale":"fr_FR","og_type":"article","og_title":"Calendari base - Sporting Club Escaldes","og_description":"Iniciaci\u00f3 Dillus ESTADI NACIONAL: 17:30 a 18:45 Dimarts C.E. DE LA FAF: 17:30 a 18:45 Pre-Benjam\u00ed Dillus ESTADI NACIONAL: 17:30 a 18:45 Divendres PRAT DEL ROURE: 18:30 a 19:30 Benjam\u00ed Dillus ESTADI NACIONAL: 17:30 a 18:45 Divendres PRAT DEL ROURE: 18:30 a 19:30","og_url":"https:\/\/scescaldes.com\/fr\/calendrier-de-base\/","og_site_name":"Sporting Club Escaldes","article_modified_time":"2025-09-24T14:03:06+00:00","twitter_card":"summary_large_image","twitter_misc":{"Dur\u00e9e de lecture estim\u00e9e":"1 minute"},"schema":{"@context":"https:\/\/schema.org","@graph":[{"@type":"WebPage","@id":"https:\/\/scescaldes.com\/calendari-base\/","url":"https:\/\/scescaldes.com\/calendari-base\/","name":"Calendrier de base - Sporting Club Escaldes","isPartOf":{"@id":"https:\/\/scescaldes.com\/#website"},"datePublished":"2025-09-15T18:42:07+00:00","dateModified":"2025-09-24T14:03:06+00:00","breadcrumb":{"@id":"https:\/\/scescaldes.com\/calendari-base\/#breadcrumb"},"inLanguage":"fr-FR","potentialAction":[{"@type":"ReadAction","target":["https:\/\/scescaldes.com\/calendari-base\/"]}]},{"@type":"BreadcrumbList","@id":"https:\/\/scescaldes.com\/calendari-base\/#breadcrumb","itemListElement":[{"@type":"ListItem","position":1,"name":"Portada","item":"https:\/\/scescaldes.com\/"},{"@type":"ListItem","position":2,"name":"Calendari base"}]},{"@type":"WebSite","@id":"https:\/\/scescaldes.com\/#website","url":"https:\/\/scescaldes.com\/","name":"Sporting Club Escaldes","description":"Site officiel \u00b7 Nous r\u00eavons haut ensemble","publisher":{"@id":"https:\/\/scescaldes.com\/#organization"},"potentialAction":[{"@type":"SearchAction","target":{"@type":"EntryPoint","urlTemplate":"https:\/\/scescaldes.com\/?s={search_term_string}"},"query-input":{"@type":"PropertyValueSpecification","valueRequired":true,"valueName":"search_term_string"}}],"inLanguage":"fr-FR"},{"@type":"Organization","@id":"https:\/\/scescaldes.com\/#organization","name":"Sporting Club Escaldes","url":"https:\/\/scescaldes.com\/","logo":{"@type":"ImageObject","inLanguage":"fr-FR","@id":"https:\/\/scescaldes.com\/#\/schema\/logo\/image\/","url":"https:\/\/scescaldes.com\/wp-content\/uploads\/2025\/03\/sc-escaldes-fav.png","contentUrl":"https:\/\/scescaldes.com\/wp-content\/uploads\/2025\/03\/sc-escaldes-fav.png","width":512,"height":512,"caption":"Sporting Club Escaldes"},"image":{"@id":"https:\/\/scescaldes.com\/#\/schema\/logo\/image\/"},"sameAs":["https:\/\/www.instagram.com\/sportingclubescaldes\/"]}]}},"_links":{"self":[{"href":"https:\/\/scescaldes.com\/fr\/wp-json\/wp\/v2\/pages\/1950","targetHints":{"allow":["GET"]}}],"collection":[{"href":"https:\/\/scescaldes.com\/fr\/wp-json\/wp\/v2\/pages"}],"about":[{"href":"https:\/\/scescaldes.com\/fr\/wp-json\/wp\/v2\/types\/page"}],"author":[{"embeddable":true,"href":"https:\/\/scescaldes.com\/fr\/wp-json\/wp\/v2\/users\/1"}],"replies":[{"embeddable":true,"href":"https:\/\/scescaldes.com\/fr\/wp-json\/wp\/v2\/comments?post=1950"}],"version-history":[{"count":13,"href":"https:\/\/scescaldes.com\/fr\/wp-json\/wp\/v2\/pages\/1950\/revisions"}],"predecessor-version":[{"id":2031,"href":"https:\/\/scescaldes.com\/fr\/wp-json\/wp\/v2\/pages\/1950\/revisions\/2031"}],"wp:attachment":[{"href":"https:\/\/scescaldes.com\/fr\/wp-json\/wp\/v2\/media?parent=1950"}],"curies":[{"name":"wp","href":"https:\/\/api.w.org\/{rel}","templated":true}]}}