{"id":594,"date":"2025-05-03T21:25:56","date_gmt":"2025-05-03T21:25:56","guid":{"rendered":"https:\/\/scescaldes.com\/?page_id=594"},"modified":"2025-05-17T12:08:07","modified_gmt":"2025-05-17T12:08:07","slug":"histoire","status":"publish","type":"page","link":"https:\/\/scescaldes.com\/fr\/historia\/","title":{"rendered":"Notre historique"},"content":{"rendered":"<div data-elementor-type=\"wp-page\" data-elementor-id=\"594\" class=\"elementor elementor-594\" data-elementor-post-type=\"page\">\n\t\t\t\t<div class=\"elementor-element elementor-element-ba08d4c e-flex e-con-boxed e-con e-parent\" data-id=\"ba08d4c\" data-element_type=\"container\" data-e-type=\"container\" data-settings=\"{&quot;background_background&quot;:&quot;classic&quot;}\">\n\t\t\t\t\t<div class=\"e-con-inner\">\n\t\t\t\t<div class=\"elementor-element elementor-element-749e4d9 elementor-widget elementor-widget-heading\" data-id=\"749e4d9\" data-element_type=\"widget\" data-e-type=\"widget\" data-widget_type=\"heading.default\">\n\t\t\t\t<div class=\"elementor-widget-container\">\n\t\t\t\t\t<h2 class=\"elementor-heading-title elementor-size-default\">depuis 1977<\/h2>\t\t\t\t<\/div>\n\t\t\t\t<\/div>\n\t\t\t\t<div class=\"elementor-element elementor-element-8d3c423 elementor-widget elementor-widget-heading\" data-id=\"8d3c423\" data-element_type=\"widget\" data-e-type=\"widget\" data-widget_type=\"heading.default\">\n\t\t\t\t<div class=\"elementor-widget-container\">\n\t\t\t\t\t<h2 class=\"elementor-heading-title elementor-size-default\">Nous sommes historiques\n<\/h2>\t\t\t\t<\/div>\n\t\t\t\t<\/div>\n\t\t\t\t\t<\/div>\n\t\t\t\t<\/div>\n\t\t<div data-dce-background-overlay-image-url=\"https:\/\/scescaldes.com\/wp-content\/uploads\/2025\/05\/sce-inicios.jpg\" class=\"elementor-element elementor-element-27c2f67 e-flex e-con-boxed e-con e-parent\" data-id=\"27c2f67\" data-element_type=\"container\" data-e-type=\"container\" data-settings=\"{&quot;background_background&quot;:&quot;classic&quot;}\">\n\t\t\t\t\t<div class=\"e-con-inner\">\n\t\t\t\t<div class=\"elementor-element elementor-element-e7e1393 elementor-widget elementor-widget-heading\" data-id=\"e7e1393\" data-element_type=\"widget\" data-e-type=\"widget\" data-widget_type=\"heading.default\">\n\t\t\t\t<div class=\"elementor-widget-container\">\n\t\t\t\t\t<h2 class=\"elementor-heading-title elementor-size-default\">1977\u20132008<\/h2>\t\t\t\t<\/div>\n\t\t\t\t<\/div>\n\t\t<div class=\"elementor-element elementor-element-28614dc e-con-full e-flex e-con e-child\" data-id=\"28614dc\" data-element_type=\"container\" data-e-type=\"container\" data-settings=\"{&quot;background_background&quot;:&quot;classic&quot;}\">\n\t\t<div class=\"elementor-element elementor-element-bd1aaef e-con-full e-flex e-con e-child\" data-id=\"bd1aaef\" data-element_type=\"container\" data-e-type=\"container\" data-settings=\"{&quot;background_background&quot;:&quot;classic&quot;}\">\n\t\t\t\t<div class=\"elementor-element elementor-element-1c61100 dce_masking-none elementor-widget elementor-widget-image\" data-id=\"1c61100\" data-element_type=\"widget\" data-e-type=\"widget\" data-widget_type=\"image.default\">\n\t\t\t\t<div class=\"elementor-widget-container\">\n\t\t\t\t\t\t\t\t\t\t\t\t\t\t\t<img fetchpriority=\"high\" decoding=\"async\" width=\"800\" height=\"454\" src=\"https:\/\/scescaldes.com\/wp-content\/uploads\/2025\/05\/sce-inicios.jpg\" class=\"attachment-large size-large wp-image-606\" alt=\"\" srcset=\"https:\/\/scescaldes.com\/wp-content\/uploads\/2025\/05\/sce-inicios.jpg 1000w, https:\/\/scescaldes.com\/wp-content\/uploads\/2025\/05\/sce-inicios-300x170.jpg 300w, https:\/\/scescaldes.com\/wp-content\/uploads\/2025\/05\/sce-inicios-768x435.jpg 768w\" sizes=\"(max-width: 800px) 100vw, 800px\" \/>\t\t\t\t\t\t\t\t\t\t\t\t\t\t\t<\/div>\n\t\t\t\t<\/div>\n\t\t\t\t<div class=\"elementor-element elementor-element-dc1066a elementor-widget elementor-widget-heading\" data-id=\"dc1066a\" data-element_type=\"widget\" data-e-type=\"widget\" data-widget_type=\"heading.default\">\n\t\t\t\t<div class=\"elementor-widget-container\">\n\t\t\t\t\t<h2 class=\"elementor-heading-title elementor-size-default\">Fondations et premiers pas<\/h2>\t\t\t\t<\/div>\n\t\t\t\t<\/div>\n\t\t\t\t<\/div>\n\t\t<div class=\"elementor-element elementor-element-448a1c7 e-con-full e-flex e-con e-child\" data-id=\"448a1c7\" data-element_type=\"container\" data-e-type=\"container\">\n\t\t\t\t<div class=\"elementor-element elementor-element-3f1b489 elementor-widget elementor-widget-text-editor\" data-id=\"3f1b489\" data-element_type=\"widget\" data-e-type=\"widget\" data-widget_type=\"text-editor.default\">\n\t\t\t\t<div class=\"elementor-widget-container\">\n\t\t\t\t\t\t\t\t\t<p>Le club <strong>a \u00e9t\u00e9 fond\u00e9e en 1977 sous le nom de <em data-start=\"798\" data-end=\"825\">Club sportif d&#039;Engordany<\/em><\/strong> et a fait partie des \u00e9quipes pionni\u00e8res du football f\u00e9d\u00e9r\u00e9 en Andorre. Avec le lancement du championnat national andorran, le Sporting a r\u00e9alis\u00e9 <strong>promotion en premi\u00e8re division en 1995<\/strong>, se maintenant en premi\u00e8re division pendant huit saisons cons\u00e9cutives. <strong>En 1998, le club a adopt\u00e9 le nom de <em data-start=\"1109\" data-end=\"1135\">Club sportif d&#039;Escaldes<\/em><\/strong>. Apr\u00e8s une rel\u00e9gation en 2002 et plusieurs saisons en deuxi\u00e8me division, l&#039;activit\u00e9 a cess\u00e9 en 2008.<\/p>\t\t\t\t\t\t\t\t<\/div>\n\t\t\t\t<\/div>\n\t\t\t\t<\/div>\n\t\t<div class=\"elementor-element elementor-element-4eeb16f e-con-full e-flex e-con e-child\" data-id=\"4eeb16f\" data-element_type=\"container\" data-e-type=\"container\">\n\t\t\t\t<\/div>\n\t\t\t\t<\/div>\n\t\t\t\t\t<\/div>\n\t\t\t\t<\/div>\n\t\t<div data-dce-background-overlay-image-url=\"https:\/\/scescaldes.com\/wp-content\/uploads\/2025\/05\/sce-inicios-2.jpg\" class=\"elementor-element elementor-element-f83162b e-flex e-con-boxed e-con e-parent\" data-id=\"f83162b\" data-element_type=\"container\" data-e-type=\"container\" data-settings=\"{&quot;background_background&quot;:&quot;classic&quot;}\">\n\t\t\t\t\t<div class=\"e-con-inner\">\n\t\t\t\t<div class=\"elementor-element elementor-element-9234454 elementor-widget elementor-widget-heading\" data-id=\"9234454\" data-element_type=\"widget\" data-e-type=\"widget\" data-widget_type=\"heading.default\">\n\t\t\t\t<div class=\"elementor-widget-container\">\n\t\t\t\t\t<h2 class=\"elementor-heading-title elementor-size-default\">2018 - 2019<\/h2>\t\t\t\t<\/div>\n\t\t\t\t<\/div>\n\t\t<div class=\"elementor-element elementor-element-0438fed e-con-full e-flex e-con e-child\" data-id=\"0438fed\" data-element_type=\"container\" data-e-type=\"container\" data-settings=\"{&quot;background_background&quot;:&quot;classic&quot;}\">\n\t\t<div class=\"elementor-element elementor-element-93419a0 e-con-full e-flex e-con e-child\" data-id=\"93419a0\" data-element_type=\"container\" data-e-type=\"container\" data-settings=\"{&quot;background_background&quot;:&quot;classic&quot;}\">\n\t\t\t\t<div class=\"elementor-element elementor-element-0a5e493 dce_masking-none elementor-widget elementor-widget-image\" data-id=\"0a5e493\" data-element_type=\"widget\" data-e-type=\"widget\" data-widget_type=\"image.default\">\n\t\t\t\t<div class=\"elementor-widget-container\">\n\t\t\t\t\t\t\t\t\t\t\t\t\t\t\t<img decoding=\"async\" width=\"800\" height=\"454\" data-src=\"https:\/\/scescaldes.com\/wp-content\/uploads\/2025\/05\/sce-inicios-2.jpg\" class=\"attachment-large size-large wp-image-619 lazyload\" alt=\"\" data-srcset=\"https:\/\/scescaldes.com\/wp-content\/uploads\/2025\/05\/sce-inicios-2.jpg 1000w, https:\/\/scescaldes.com\/wp-content\/uploads\/2025\/05\/sce-inicios-2-300x170.jpg 300w, https:\/\/scescaldes.com\/wp-content\/uploads\/2025\/05\/sce-inicios-2-768x435.jpg 768w\" data-sizes=\"(max-width: 800px) 100vw, 800px\" src=\"data:image\/svg+xml;base64,PHN2ZyB3aWR0aD0iMSIgaGVpZ2h0PSIxIiB4bWxucz0iaHR0cDovL3d3dy53My5vcmcvMjAwMC9zdmciPjwvc3ZnPg==\" style=\"--smush-placeholder-width: 800px; --smush-placeholder-aspect-ratio: 800\/454;\" \/>\t\t\t\t\t\t\t\t\t\t\t\t\t\t\t<\/div>\n\t\t\t\t<\/div>\n\t\t\t\t<div class=\"elementor-element elementor-element-1300751 elementor-widget elementor-widget-heading\" data-id=\"1300751\" data-element_type=\"widget\" data-e-type=\"widget\" data-widget_type=\"heading.default\">\n\t\t\t\t<div class=\"elementor-widget-container\">\n\t\t\t\t\t<h2 class=\"elementor-heading-title elementor-size-default\">r\u00e9apparition temporaire<\/h2>\t\t\t\t<\/div>\n\t\t\t\t<\/div>\n\t\t\t\t<\/div>\n\t\t<div class=\"elementor-element elementor-element-231d61c e-con-full e-flex e-con e-child\" data-id=\"231d61c\" data-element_type=\"container\" data-e-type=\"container\">\n\t\t\t\t<div class=\"elementor-element elementor-element-ab263eb elementor-widget elementor-widget-text-editor\" data-id=\"ab263eb\" data-element_type=\"widget\" data-e-type=\"widget\" data-widget_type=\"text-editor.default\">\n\t\t\t\t<div class=\"elementor-widget-container\">\n\t\t\t\t\t\t\t\t\t<p>Le club a connu une <strong>br\u00e8ve r\u00e9apparition durant la saison 2018-2019<\/strong>, participant \u00e0 nouveau \u00e0 la comp\u00e9tition <strong data-start=\"800\" data-end=\"818\">Deuxi\u00e8me division<\/strong>. Malgr\u00e9 les efforts d\u00e9ploy\u00e9s, les r\u00e9sultats n&#039;ont pas \u00e9t\u00e9 bons et l&#039;\u00e9quipe a termin\u00e9 derni\u00e8re, avec seulement trois points, ce qui a entra\u00een\u00e9 un nouvel arr\u00eat du projet sportif.<\/p>\t\t\t\t\t\t\t\t<\/div>\n\t\t\t\t<\/div>\n\t\t\t\t<\/div>\n\t\t<div class=\"elementor-element elementor-element-ebe15ec e-con-full e-flex e-con e-child\" data-id=\"ebe15ec\" data-element_type=\"container\" data-e-type=\"container\">\n\t\t\t\t<\/div>\n\t\t\t\t<\/div>\n\t\t\t\t\t<\/div>\n\t\t\t\t<\/div>\n\t\t<div data-dce-background-overlay-image-url=\"https:\/\/scescaldes.com\/wp-content\/uploads\/2025\/05\/sce-historia-2025.jpg\" class=\"elementor-element elementor-element-2a4034d e-flex e-con-boxed e-con e-parent\" data-id=\"2a4034d\" data-element_type=\"container\" data-e-type=\"container\" data-settings=\"{&quot;background_background&quot;:&quot;classic&quot;}\">\n\t\t\t\t\t<div class=\"e-con-inner\">\n\t\t\t\t<div class=\"elementor-element elementor-element-4aa3f4d elementor-widget elementor-widget-heading\" data-id=\"4aa3f4d\" data-element_type=\"widget\" data-e-type=\"widget\" data-widget_type=\"heading.default\">\n\t\t\t\t<div class=\"elementor-widget-container\">\n\t\t\t\t\t<h2 class=\"elementor-heading-title elementor-size-default\">2025<\/h2>\t\t\t\t<\/div>\n\t\t\t\t<\/div>\n\t\t<div class=\"elementor-element elementor-element-c5f6294 e-con-full e-flex e-con e-child\" data-id=\"c5f6294\" data-element_type=\"container\" data-e-type=\"container\" data-settings=\"{&quot;background_background&quot;:&quot;classic&quot;}\">\n\t\t<div class=\"elementor-element elementor-element-54fb93b e-con-full e-flex e-con e-child\" data-id=\"54fb93b\" data-element_type=\"container\" data-e-type=\"container\" data-settings=\"{&quot;background_background&quot;:&quot;classic&quot;}\">\n\t\t\t\t<div class=\"elementor-element elementor-element-047acb2 dce_masking-none elementor-widget elementor-widget-image\" data-id=\"047acb2\" data-element_type=\"widget\" data-e-type=\"widget\" data-widget_type=\"image.default\">\n\t\t\t\t<div class=\"elementor-widget-container\">\n\t\t\t\t\t\t\t\t\t\t\t\t\t\t\t<img decoding=\"async\" width=\"800\" height=\"454\" data-src=\"https:\/\/scescaldes.com\/wp-content\/uploads\/2025\/05\/sce-historia-2025.jpg\" class=\"attachment-large size-large wp-image-626 lazyload\" alt=\"\" data-srcset=\"https:\/\/scescaldes.com\/wp-content\/uploads\/2025\/05\/sce-historia-2025.jpg 1000w, https:\/\/scescaldes.com\/wp-content\/uploads\/2025\/05\/sce-historia-2025-300x170.jpg 300w, https:\/\/scescaldes.com\/wp-content\/uploads\/2025\/05\/sce-historia-2025-768x435.jpg 768w\" data-sizes=\"(max-width: 800px) 100vw, 800px\" src=\"data:image\/svg+xml;base64,PHN2ZyB3aWR0aD0iMSIgaGVpZ2h0PSIxIiB4bWxucz0iaHR0cDovL3d3dy53My5vcmcvMjAwMC9zdmciPjwvc3ZnPg==\" style=\"--smush-placeholder-width: 800px; --smush-placeholder-aspect-ratio: 800\/454;\" \/>\t\t\t\t\t\t\t\t\t\t\t\t\t\t\t<\/div>\n\t\t\t\t<\/div>\n\t\t\t\t<div class=\"elementor-element elementor-element-76a0ee4 elementor-widget elementor-widget-heading\" data-id=\"76a0ee4\" data-element_type=\"widget\" data-e-type=\"widget\" data-widget_type=\"heading.default\">\n\t\t\t\t<div class=\"elementor-widget-container\">\n\t\t\t\t\t<h2 class=\"elementor-heading-title elementor-size-default\">Sportif 2.0<\/h2>\t\t\t\t<\/div>\n\t\t\t\t<\/div>\n\t\t\t\t<\/div>\n\t\t<div class=\"elementor-element elementor-element-b670a38 e-con-full e-flex e-con e-child\" data-id=\"b670a38\" data-element_type=\"container\" data-e-type=\"container\">\n\t\t\t\t<div class=\"elementor-element elementor-element-ac1ab8d elementor-widget elementor-widget-text-editor\" data-id=\"ac1ab8d\" data-element_type=\"widget\" data-e-type=\"widget\" data-widget_type=\"text-editor.default\">\n\t\t\t\t<div class=\"elementor-widget-container\">\n\t\t\t\t\t\t\t\t\t<p>En 2025, le club commence <strong>une nouvelle \u00e9tape sous la direction de <em data-start=\"1163\" data-end=\"1186\">Groupe de football Vinsky<\/em>, dirig\u00e9 par Vincent \u201c Vinsky \u201d Maduro<\/strong>, un cr\u00e9ateur de contenu num\u00e9rique renomm\u00e9 et passionn\u00e9 de football. Le projet vise \u00e0 <strong>objectif : ramener le club dans la premi\u00e8re cat\u00e9gorie<\/strong> en trois ans et \u00e9tablir des bases solides tant sur le plan sportif qu&#039;institutionnel. <strong>Cette nouvelle \u00e9tape marque un tournant dans l&#039;histoire du club.<\/strong><\/p><p class=\"\" data-start=\"627\" data-end=\"1210\">Dans le cadre du processus de r\u00e9novation, il est enti\u00e8rement repens\u00e9. <strong data-start=\"691\" data-end=\"711\">l&#039;\u00e9cusson du club<\/strong>, qui adopte un style moderne et int\u00e8gre <strong data-start=\"752\" data-end=\"768\">le grand<\/strong>, la fleur nationale d&#039;Andorre, comme symbole des liens avec le pays. De plus, d&#039;importants accords de sponsoring sont conclus, comme l&#039;accord sportif avec <strong data-start=\"913\" data-end=\"922\">Kappa<\/strong>, qui devient le fournisseur officiel d&#039;\u00e9quipement, et un accord avec la plateforme num\u00e9rique <strong data-start=\"1007\" data-end=\"1017\">Sorare<\/strong>. L&#039;impact initial du projet se fait rapidement sentir : en quelques jours seulement, le club d\u00e9passe le <strong data-start=\"1114\" data-end=\"1134\">16 000 abonn\u00e9s<\/strong> sur les r\u00e9seaux sociaux et suscite un vif int\u00e9r\u00eat aupr\u00e8s des fans et des m\u00e9dias.<\/p><p class=\"\" data-start=\"1212\" data-end=\"1589\">Ce lancement suscite une grande anticipation, notamment gr\u00e2ce \u00e0 l&#039;influence de Vinsky. <strong data-start=\"1311\" data-end=\"1360\">M\u00e9dias andorrans et francophones<\/strong> Le projet, qui commence \u00e0 se faire conna\u00eetre dans les m\u00e9dias, suscite un vif int\u00e9r\u00eat. Bien qu&#039;il soit encore trop t\u00f4t pour parler de mod\u00e8le novateur, la renaissance du club est v\u00e9cue avec enthousiasme et suivie avec attention, tant au niveau national qu&#039;international.<\/p>\t\t\t\t\t\t\t\t<\/div>\n\t\t\t\t<\/div>\n\t\t\t\t<\/div>\n\t\t<div class=\"elementor-element elementor-element-0a05f82 e-con-full e-flex e-con e-child\" data-id=\"0a05f82\" data-element_type=\"container\" data-e-type=\"container\">\n\t\t\t\t<\/div>\n\t\t\t\t<\/div>\n\t\t\t\t\t<\/div>\n\t\t\t\t<\/div>\n\t\t\t\t<\/div>","protected":false},"excerpt":{"rendered":"<p>des de 1977 Som hist\u00f2rics 1977\u20132008 Fundaci\u00f3 i primers passos El club es va fundar l\u2019any 1977 amb el nom de Sporting Club d\u2019Engordany i va formar part dels equips pioners del futbol federat a Andorra. Amb l\u2019inici de la lliga nacional andorrana, el Sporting va assolir l\u2019ascens a la Primera Divisi\u00f3 l\u2019any 1995, mantenint-se [&hellip;]<\/p>\n","protected":false},"author":1,"featured_media":0,"parent":0,"menu_order":0,"comment_status":"closed","ping_status":"closed","template":"","meta":{"_acf_changed":false,"footnotes":""},"class_list":["post-594","page","type-page","status-publish","hentry"],"acf":[],"yoast_head":"<!-- This site is optimized with the Yoast SEO plugin v27.0 - https:\/\/yoast.com\/product\/yoast-seo-wordpress\/ -->\n<title>Historia - Sporting Club Escaldes<\/title>\n<meta name=\"robots\" content=\"index, follow, max-snippet:-1, max-image-preview:large, max-video-preview:-1\" \/>\n<link rel=\"canonical\" href=\"https:\/\/scescaldes.com\/fr\/histoire\/\" \/>\n<meta property=\"og:locale\" content=\"fr_FR\" \/>\n<meta property=\"og:type\" content=\"article\" \/>\n<meta property=\"og:title\" content=\"Historia - Sporting Club Escaldes\" \/>\n<meta property=\"og:description\" content=\"des de 1977 Som hist\u00f2rics 1977\u20132008 Fundaci\u00f3 i primers passos El club es va fundar l\u2019any 1977 amb el nom de Sporting Club d\u2019Engordany i va formar part dels equips pioners del futbol federat a Andorra. Amb l\u2019inici de la lliga nacional andorrana, el Sporting va assolir l\u2019ascens a la Primera Divisi\u00f3 l\u2019any 1995, mantenint-se [&hellip;]\" \/>\n<meta property=\"og:url\" content=\"https:\/\/scescaldes.com\/fr\/histoire\/\" \/>\n<meta property=\"og:site_name\" content=\"Sporting Club Escaldes\" \/>\n<meta property=\"article:modified_time\" content=\"2025-05-17T12:08:07+00:00\" \/>\n<meta property=\"og:image\" content=\"https:\/\/scescaldes.com\/wp-content\/uploads\/2025\/05\/sce-inicios.jpg\" \/>\n\t<meta property=\"og:image:width\" content=\"1000\" \/>\n\t<meta property=\"og:image:height\" content=\"567\" \/>\n\t<meta property=\"og:image:type\" content=\"image\/jpeg\" \/>\n<meta name=\"twitter:card\" content=\"summary_large_image\" \/>\n<meta name=\"twitter:label1\" content=\"Dur\u00e9e de lecture estim\u00e9e\" \/>\n\t<meta name=\"twitter:data1\" content=\"2 minutes\" \/>\n<script type=\"application\/ld+json\" class=\"yoast-schema-graph\">{\"@context\":\"https:\/\/schema.org\",\"@graph\":[{\"@type\":\"WebPage\",\"@id\":\"https:\/\/scescaldes.com\/historia\/\",\"url\":\"https:\/\/scescaldes.com\/historia\/\",\"name\":\"Historia - Sporting Club Escaldes\",\"isPartOf\":{\"@id\":\"https:\/\/scescaldes.com\/#website\"},\"primaryImageOfPage\":{\"@id\":\"https:\/\/scescaldes.com\/historia\/#primaryimage\"},\"image\":{\"@id\":\"https:\/\/scescaldes.com\/historia\/#primaryimage\"},\"thumbnailUrl\":\"https:\/\/scescaldes.com\/wp-content\/uploads\/2025\/05\/sce-inicios.jpg\",\"datePublished\":\"2025-05-03T21:25:56+00:00\",\"dateModified\":\"2025-05-17T12:08:07+00:00\",\"breadcrumb\":{\"@id\":\"https:\/\/scescaldes.com\/historia\/#breadcrumb\"},\"inLanguage\":\"fr-FR\",\"potentialAction\":[{\"@type\":\"ReadAction\",\"target\":[\"https:\/\/scescaldes.com\/historia\/\"]}]},{\"@type\":\"ImageObject\",\"inLanguage\":\"fr-FR\",\"@id\":\"https:\/\/scescaldes.com\/historia\/#primaryimage\",\"url\":\"https:\/\/scescaldes.com\/wp-content\/uploads\/2025\/05\/sce-inicios.jpg\",\"contentUrl\":\"https:\/\/scescaldes.com\/wp-content\/uploads\/2025\/05\/sce-inicios.jpg\"},{\"@type\":\"BreadcrumbList\",\"@id\":\"https:\/\/scescaldes.com\/historia\/#breadcrumb\",\"itemListElement\":[{\"@type\":\"ListItem\",\"position\":1,\"name\":\"Portada\",\"item\":\"https:\/\/scescaldes.com\/\"},{\"@type\":\"ListItem\",\"position\":2,\"name\":\"Historia\"}]},{\"@type\":\"WebSite\",\"@id\":\"https:\/\/scescaldes.com\/#website\",\"url\":\"https:\/\/scescaldes.com\/\",\"name\":\"Sporting Club Escaldes\",\"description\":\"Web oficial \u00b7 Somiem Alt Junts\",\"publisher\":{\"@id\":\"https:\/\/scescaldes.com\/#organization\"},\"potentialAction\":[{\"@type\":\"SearchAction\",\"target\":{\"@type\":\"EntryPoint\",\"urlTemplate\":\"https:\/\/scescaldes.com\/?s={search_term_string}\"},\"query-input\":{\"@type\":\"PropertyValueSpecification\",\"valueRequired\":true,\"valueName\":\"search_term_string\"}}],\"inLanguage\":\"fr-FR\"},{\"@type\":\"Organization\",\"@id\":\"https:\/\/scescaldes.com\/#organization\",\"name\":\"Sporting Club Escaldes\",\"url\":\"https:\/\/scescaldes.com\/\",\"logo\":{\"@type\":\"ImageObject\",\"inLanguage\":\"fr-FR\",\"@id\":\"https:\/\/scescaldes.com\/#\/schema\/logo\/image\/\",\"url\":\"https:\/\/scescaldes.com\/wp-content\/uploads\/2025\/03\/sc-escaldes-fav.png\",\"contentUrl\":\"https:\/\/scescaldes.com\/wp-content\/uploads\/2025\/03\/sc-escaldes-fav.png\",\"width\":512,\"height\":512,\"caption\":\"Sporting Club Escaldes\"},\"image\":{\"@id\":\"https:\/\/scescaldes.com\/#\/schema\/logo\/image\/\"},\"sameAs\":[\"https:\/\/www.instagram.com\/sportingclubescaldes\/\"]}]}<\/script>\n<!-- \/ Yoast SEO plugin. -->","yoast_head_json":{"title":"Histoire - Sporting Club Escaldes","robots":{"index":"index","follow":"follow","max-snippet":"max-snippet:-1","max-image-preview":"max-image-preview:large","max-video-preview":"max-video-preview:-1"},"canonical":"https:\/\/scescaldes.com\/fr\/histoire\/","og_locale":"fr_FR","og_type":"article","og_title":"Historia - Sporting Club Escaldes","og_description":"des de 1977 Som hist\u00f2rics 1977\u20132008 Fundaci\u00f3 i primers passos El club es va fundar l\u2019any 1977 amb el nom de Sporting Club d\u2019Engordany i va formar part dels equips pioners del futbol federat a Andorra. Amb l\u2019inici de la lliga nacional andorrana, el Sporting va assolir l\u2019ascens a la Primera Divisi\u00f3 l\u2019any 1995, mantenint-se [&hellip;]","og_url":"https:\/\/scescaldes.com\/fr\/histoire\/","og_site_name":"Sporting Club Escaldes","article_modified_time":"2025-05-17T12:08:07+00:00","og_image":[{"width":1000,"height":567,"url":"https:\/\/scescaldes.com\/wp-content\/uploads\/2025\/05\/sce-inicios.jpg","type":"image\/jpeg"}],"twitter_card":"summary_large_image","twitter_misc":{"Dur\u00e9e de lecture estim\u00e9e":"2 minutes"},"schema":{"@context":"https:\/\/schema.org","@graph":[{"@type":"WebPage","@id":"https:\/\/scescaldes.com\/historia\/","url":"https:\/\/scescaldes.com\/historia\/","name":"Histoire - Sporting Club Escaldes","isPartOf":{"@id":"https:\/\/scescaldes.com\/#website"},"primaryImageOfPage":{"@id":"https:\/\/scescaldes.com\/historia\/#primaryimage"},"image":{"@id":"https:\/\/scescaldes.com\/historia\/#primaryimage"},"thumbnailUrl":"https:\/\/scescaldes.com\/wp-content\/uploads\/2025\/05\/sce-inicios.jpg","datePublished":"2025-05-03T21:25:56+00:00","dateModified":"2025-05-17T12:08:07+00:00","breadcrumb":{"@id":"https:\/\/scescaldes.com\/historia\/#breadcrumb"},"inLanguage":"fr-FR","potentialAction":[{"@type":"ReadAction","target":["https:\/\/scescaldes.com\/historia\/"]}]},{"@type":"ImageObject","inLanguage":"fr-FR","@id":"https:\/\/scescaldes.com\/historia\/#primaryimage","url":"https:\/\/scescaldes.com\/wp-content\/uploads\/2025\/05\/sce-inicios.jpg","contentUrl":"https:\/\/scescaldes.com\/wp-content\/uploads\/2025\/05\/sce-inicios.jpg"},{"@type":"BreadcrumbList","@id":"https:\/\/scescaldes.com\/historia\/#breadcrumb","itemListElement":[{"@type":"ListItem","position":1,"name":"Portada","item":"https:\/\/scescaldes.com\/"},{"@type":"ListItem","position":2,"name":"Historia"}]},{"@type":"WebSite","@id":"https:\/\/scescaldes.com\/#website","url":"https:\/\/scescaldes.com\/","name":"Sporting Club Escaldes","description":"Site officiel \u00b7 Nous r\u00eavons haut ensemble","publisher":{"@id":"https:\/\/scescaldes.com\/#organization"},"potentialAction":[{"@type":"SearchAction","target":{"@type":"EntryPoint","urlTemplate":"https:\/\/scescaldes.com\/?s={search_term_string}"},"query-input":{"@type":"PropertyValueSpecification","valueRequired":true,"valueName":"search_term_string"}}],"inLanguage":"fr-FR"},{"@type":"Organization","@id":"https:\/\/scescaldes.com\/#organization","name":"Sporting Club Escaldes","url":"https:\/\/scescaldes.com\/","logo":{"@type":"ImageObject","inLanguage":"fr-FR","@id":"https:\/\/scescaldes.com\/#\/schema\/logo\/image\/","url":"https:\/\/scescaldes.com\/wp-content\/uploads\/2025\/03\/sc-escaldes-fav.png","contentUrl":"https:\/\/scescaldes.com\/wp-content\/uploads\/2025\/03\/sc-escaldes-fav.png","width":512,"height":512,"caption":"Sporting Club Escaldes"},"image":{"@id":"https:\/\/scescaldes.com\/#\/schema\/logo\/image\/"},"sameAs":["https:\/\/www.instagram.com\/sportingclubescaldes\/"]}]}},"_links":{"self":[{"href":"https:\/\/scescaldes.com\/fr\/wp-json\/wp\/v2\/pages\/594","targetHints":{"allow":["GET"]}}],"collection":[{"href":"https:\/\/scescaldes.com\/fr\/wp-json\/wp\/v2\/pages"}],"about":[{"href":"https:\/\/scescaldes.com\/fr\/wp-json\/wp\/v2\/types\/page"}],"author":[{"embeddable":true,"href":"https:\/\/scescaldes.com\/fr\/wp-json\/wp\/v2\/users\/1"}],"replies":[{"embeddable":true,"href":"https:\/\/scescaldes.com\/fr\/wp-json\/wp\/v2\/comments?post=594"}],"version-history":[{"count":49,"href":"https:\/\/scescaldes.com\/fr\/wp-json\/wp\/v2\/pages\/594\/revisions"}],"predecessor-version":[{"id":706,"href":"https:\/\/scescaldes.com\/fr\/wp-json\/wp\/v2\/pages\/594\/revisions\/706"}],"wp:attachment":[{"href":"https:\/\/scescaldes.com\/fr\/wp-json\/wp\/v2\/media?parent=594"}],"curies":[{"name":"wp","href":"https:\/\/api.w.org\/{rel}","templated":true}]}}